{"id":1229,"date":"2015-12-22T00:52:30","date_gmt":"2015-12-21T22:52:30","guid":{"rendered":"https:\/\/www.kdhukuk.com\/?page_id=1229"},"modified":"2021-12-22T17:15:12","modified_gmt":"2021-12-22T14:15:12","slug":"hukuk-burosu","status":"publish","type":"page","link":"https:\/\/www.kdhukuk.com\/","title":{"rendered":"K&#038;D Hukuk B\u00fcrosu &#8211; \u0130stanbul"},"content":{"rendered":"<h1 style=\"text-align: center;\"><\/h1>\n<h1 style=\"text-align: center;\">K&amp;D HUKUK B\u00dcROSU &#8211; \u0130stanbul<\/h1>\n<p style=\"text-align: justify;\"><strong>\u0130stanbul<\/strong>\u2019da yer alan K&amp;D <strong>Hukuk B\u00fcrosu<\/strong>, deneyimli <em>avukat<\/em> kadrosuyla m\u00fcvekkillerinin en m\u00fckemmel sonucu temin etme ihtiyac\u0131na kar\u015f\u0131l\u0131k vermek \u00fczere kurulmu\u015f hukukun t\u00fcm dallar\u0131nda hizmet vermekte olan bir <em>hukuk b\u00fcrosu<\/em>dur.<\/p>\n<p style=\"text-align: justify;\">K&amp;D <em>Hukuk B\u00fcrosu<\/em> <em>avukatlar\u0131<\/em>, farkl\u0131 hukuk dallar\u0131na ili\u015fkin bir\u00e7ok ihtilafa vak\u0131f olmu\u015f, kar\u015f\u0131la\u015ft\u0131klar\u0131 hukuki sorunlar\u0131 ba\u015far\u0131l\u0131 bir \u015fekilde sonu\u00e7land\u0131rm\u0131\u015f ve uzun y\u0131llar s\u00fcren avukatl\u0131k ser\u00fcveni neticesinde m\u00fcvekkillerinin arzu etti\u011fi neticeyi elde etmelerini sa\u011flayacak bilgi birikimini olu\u015fturmu\u015ftur.\u00a0Avukatlar\u0131m\u0131z, m\u00fcvekkillerine kaliteli, \u00e7\u00f6z\u00fcm odakl\u0131 ve g\u00fcvenilir hukuki hizmet vermenin yan\u0131 s\u0131ra hizmetlerini y\u00fcr\u00fct\u00fcrken vaktin \u00f6neminin bilinciyle t\u00fcm i\u015flemlerini m\u00fcmk\u00fcn olan en k\u0131sa s\u00fcrede tamamlamay\u0131 misyon edinmi\u015ftir.<\/p>\n<h2 style=\"text-align: center;\">HUKUK\u0130 H\u0130ZMETLER\u0130M\u0130Z<\/h2>\n<p style=\"text-align: justify;\"><span style=\"color: #333399;\">\u0130stanbul<\/span> Barosu&#8217;na kay\u0131tl\u0131 <span style=\"color: #333399;\">Avukat<\/span> Ezgi Kuma\u015f ve\u00a0Avukat Elif Dokuz taraf\u0131ndan kurulan K&amp;D <em>Hukuk B\u00fcrosu<\/em>,\u00a0yerli ve yabanc\u0131 t\u00fczel ki\u015fi ve bireylere T\u00fcrk\u00e7e, \u0130ngilizce ve Almanca dillerinde hukuki hizmet vermektedir. Avukatlar\u0131m\u0131z\u00a0ba\u015fta <span style=\"color: #000000;\">Bili\u015fim Avukat\u0131, Bo\u015fanma Avukat\u0131, Ceza Avukat\u0131, Gayrimenkul Avukat\u0131, \u0130cra ve \u0130flas Avukat\u0131, \u0130\u015f Hukuku Avukat\u0131,\u00a0Miras Avukat\u0131, Sigorta Avukat\u0131,\u00a0Ticaret ve \u015eirketler Avukat\u0131, Telif Haklar\u0131 Avukat\u0131, T\u00fcketici Haklar\u0131 Avukat\u0131 ve <\/span><span style=\"color: #333399;\"><span style=\"color: #000000;\">Vergi<\/span> <span style=\"color: #000000;\">Avukat\u0131<\/span><\/span> olmak \u00fczere bir\u00e7ok hukuki alana ili\u015fkin olarak avukatl\u0131k hizmeti vermektedir.<\/p>\n<h3 style=\"text-align: center;\">HUKUK\u0130 DANI\u015eMA<\/h3>\n<p style=\"text-align: justify;\">K&amp;D <strong>Hukuk B\u00fcrosu<\/strong> <strong>avukatlar\u0131<\/strong>, bir\u00e7ok hukuki meseleye ili\u015fkin hukuki dan\u0131\u015fma hizmet vermekle birlikte, <strong>\u0130stanbul<\/strong>&#8216;da yer alan <em>hukuk b\u00fcrosu<\/em>nda y\u00fcz y\u00fcze olmak \u00fczere, e-mail veya telefon arac\u0131l\u0131\u011f\u0131 ile de dan\u0131\u015fmanl\u0131k hizmeti sunmaktad\u0131r.<\/p>\n<h3 style=\"text-align: center;\">\u00a0DAVA AVUKATLI\u011eI<\/h3>\n<p style=\"text-align: justify;\">Deneyimli ve yarat\u0131c\u0131 avukatlar\u0131yla, mahkemeler huzurunda m\u00fcvekkilleri lehine etkin, ba\u015far\u0131l\u0131 ve h\u0131zl\u0131 sonu\u00e7 almay\u0131 hedefleyen K&amp;D <strong>Hukuk B\u00fcrosu Istanbul<\/strong>, mesleki bilgi, \u00e7al\u0131\u015fma, h\u0131rs ve azim ile her daim ba\u015far\u0131l\u0131 hukuki sonu\u00e7lar al\u0131naca\u011f\u0131na inanmaktad\u0131r. M\u00fcvekkillerinin takip ettikleri davalar neticesinde ba\u015far\u0131l\u0131 sonu\u00e7lar almas\u0131n\u0131 sa\u011flamaya y\u00f6nelik ama\u00e7lar\u0131n\u0131, sorumlulu\u011funu y\u00fcklendi\u011fi t\u00fcm hukuki alanlara ili\u015fkin olarak pratik, inovatif ve yarat\u0131c\u0131 hukuki \u00e7\u00f6z\u00fcmler \u00fcretmek suretiyle ger\u00e7ekle\u015ftirmektedir.<\/p>\n<p style=\"text-align: justify;\">K&amp;D <em>Hukuk B\u00fcrosu\u00a0avuktlar\u0131<\/em>, hukuki \u00e7al\u0131\u015fmalar\u0131n\u0131n bir par\u00e7as\u0131 olarak ulusal mevzuat ve bilimsel \u00e7al\u0131\u015fmalar\u0131n yan\u0131 s\u0131ra AB hukuku, uluslararas\u0131 hukuk ve yarg\u0131 kararlar\u0131n\u0131 takip etmek suretiyle, akademik donan\u0131ma verdi\u011fi \u00f6nemle hukuki hizmetlerini ger\u00e7ekle\u015ftirmektedir.<\/p>\n","protected":false},"excerpt":{"rendered":"<p>K&amp;D HUKUK B\u00dcROSU &#8211; \u0130stanbul \u0130stanbul\u2019da yer alan K&amp;D Hukuk B\u00fcrosu, deneyimli avukat kadrosuyla m\u00fcvekkillerinin en m\u00fckemmel sonucu temin etme ihtiyac\u0131na kar\u015f\u0131l\u0131k vermek \u00fczere kurulmu\u015f hukukun t\u00fcm dallar\u0131nda hizmet vermekte olan bir hukuk b\u00fcrosudur. K&amp;D Hukuk B\u00fcrosu avukatlar\u0131, farkl\u0131 hukuk dallar\u0131na ili\u015fkin bir\u00e7ok ihtilafa vak\u0131f olmu\u015f, kar\u015f\u0131la\u015ft\u0131klar\u0131 hukuki sorunlar\u0131 ba\u015far\u0131l\u0131 bir \u015fekilde sonu\u00e7land\u0131rm\u0131\u015f ve uzun [&hellip;]<\/p>\n","protected":false},"author":1,"featured_media":0,"parent":0,"menu_order":0,"comment_status":"closed","ping_status":"closed","template":"","meta":{"footnotes":""},"class_list":["post-1229","page","type-page","status-publish","hentry"],"aioseo_notices":[],"_links":{"self":[{"href":"https:\/\/www.kdhukuk.com\/wp-json\/wp\/v2\/pages\/1229","targetHints":{"allow":["GET"]}}],"collection":[{"href":"https:\/\/www.kdhukuk.com\/wp-json\/wp\/v2\/pages"}],"about":[{"href":"https:\/\/www.kdhukuk.com\/wp-json\/wp\/v2\/types\/page"}],"author":[{"embeddable":true,"href":"https:\/\/www.kdhukuk.com\/wp-json\/wp\/v2\/users\/1"}],"replies":[{"embeddable":true,"href":"https:\/\/www.kdhukuk.com\/wp-json\/wp\/v2\/comments?post=1229"}],"version-history":[{"count":0,"href":"https:\/\/www.kdhukuk.com\/wp-json\/wp\/v2\/pages\/1229\/revisions"}],"wp:attachment":[{"href":"https:\/\/www.kdhukuk.com\/wp-json\/wp\/v2\/media?parent=1229"}],"curies":[{"name":"wp","href":"https:\/\/api.w.org\/{rel}","templated":true}]}}