{"id":460,"date":"2015-11-28T18:38:16","date_gmt":"2015-11-28T16:38:16","guid":{"rendered":"https:\/\/www.kdhukuk.com\/?page_id=460"},"modified":"2024-12-05T18:32:00","modified_gmt":"2024-12-05T15:32:00","slug":"hakkimizda","status":"publish","type":"page","link":"https:\/\/www.kdhukuk.com\/hakkimizda\/","title":{"rendered":"HAKKIMIZDA"},"content":{"rendered":"<p style=\"text-align: justify;\">\u0130stanbul&#8217;da kurulan K&amp;D Hukuk B\u00fcrosu, yerli ve yabanc\u0131 ger\u00e7ek ki\u015fi ve \u015firketlere profesyonel, dinamik ve g\u00fcvenilir dan\u0131\u015fmanl\u0131k ve dava avukatl\u0131\u011f\u0131 hizmeti vermeyi misyon edinmi\u015f bir hukuk b\u00fcrosudur.<\/p>\n<p style=\"text-align: justify;\">Av. Ezgi Kuma\u015f ve Av. Elif Dokuz taraf\u0131ndan kurulan K&amp;D Hukuk B\u00fcrosu, kuruldu\u011fu g\u00fcnden bu yana uluslararas\u0131 d\u00fczeyde tan\u0131nan teknoloji, otomotiv hizmeti ve end\u00fcstri \u015firketlerine \u00f6zellikle \u015firket kurulu\u015fu, gayrimenkul i\u015flemleri, yat\u0131r\u0131m dan\u0131\u015fmanl\u0131\u011f\u0131, marka ve patent, bili\u015fim teknolojisi, s\u00f6zle\u015fmeler ba\u015fta olmak \u00fczere hukukun her alan\u0131nda \u0130ngilizce, Almanca ve T\u00fcrk\u00e7e dillerinde hizmet vermektedir. Hukuk b\u00fcromuz, global olarak tan\u0131nan \u015firketlerin yan\u0131nda orta \u00f6l\u00e7ekli i\u015fletmelere ve bireylere de hukuki hizmet sa\u011flamaktad\u0131r.<\/p>\n<p style=\"text-align: justify;\">\n","protected":false},"excerpt":{"rendered":"<p>\u0130stanbul&#8217;da kurulan K&amp;D Hukuk B\u00fcrosu, yerli ve yabanc\u0131 ger\u00e7ek ki\u015fi ve \u015firketlere profesyonel, dinamik ve g\u00fcvenilir dan\u0131\u015fmanl\u0131k ve dava avukatl\u0131\u011f\u0131 hizmeti vermeyi misyon edinmi\u015f bir hukuk b\u00fcrosudur. Av. Ezgi Kuma\u015f ve Av. Elif Dokuz taraf\u0131ndan kurulan K&amp;D Hukuk B\u00fcrosu, kuruldu\u011fu g\u00fcnden bu yana uluslararas\u0131 d\u00fczeyde tan\u0131nan teknoloji, otomotiv hizmeti ve end\u00fcstri \u015firketlerine \u00f6zellikle \u015firket kurulu\u015fu, [&hellip;]<\/p>\n","protected":false},"author":1,"featured_media":0,"parent":0,"menu_order":0,"comment_status":"closed","ping_status":"closed","template":"","meta":{"footnotes":""},"class_list":["post-460","page","type-page","status-publish","hentry"],"aioseo_notices":[],"_links":{"self":[{"href":"https:\/\/www.kdhukuk.com\/wp-json\/wp\/v2\/pages\/460","targetHints":{"allow":["GET"]}}],"collection":[{"href":"https:\/\/www.kdhukuk.com\/wp-json\/wp\/v2\/pages"}],"about":[{"href":"https:\/\/www.kdhukuk.com\/wp-json\/wp\/v2\/types\/page"}],"author":[{"embeddable":true,"href":"https:\/\/www.kdhukuk.com\/wp-json\/wp\/v2\/users\/1"}],"replies":[{"embeddable":true,"href":"https:\/\/www.kdhukuk.com\/wp-json\/wp\/v2\/comments?post=460"}],"version-history":[{"count":0,"href":"https:\/\/www.kdhukuk.com\/wp-json\/wp\/v2\/pages\/460\/revisions"}],"wp:attachment":[{"href":"https:\/\/www.kdhukuk.com\/wp-json\/wp\/v2\/media?parent=460"}],"curies":[{"name":"wp","href":"https:\/\/api.w.org\/{rel}","templated":true}]}}