{"id":506,"date":"2015-11-29T17:31:08","date_gmt":"2015-11-29T15:31:08","guid":{"rendered":"https:\/\/www.kdhukuk.com\/?page_id=506"},"modified":"2021-12-22T17:18:48","modified_gmt":"2021-12-22T14:18:48","slug":"bankacilik-finans-avukati","status":"publish","type":"page","link":"https:\/\/www.kdhukuk.com\/bankacilik-finans-avukati\/","title":{"rendered":"Bankac\u0131l\u0131k &#038; Finans Avukat\u0131"},"content":{"rendered":"<h1 style=\"text-align: justify;\">Bankac\u0131l\u0131k &amp; Finans Avukat\u0131<\/h1>\n<p style=\"text-align: justify;\">Banka ve finans kurumlar\u0131na y\u00f6nelik bankac\u0131l\u0131k ve finans avukat\u0131 olarak faaliyet g\u00f6steren \u0130stanbul K&amp;D Hukuk B\u00fcrosu, m\u00fcvekkillerinin ihtiya\u00e7 duydu\u011fu hukuki konularda dan\u0131\u015fmanl\u0131k ve dava avukatl\u0131\u011f\u0131 hizmeti sunmaktad\u0131r.<\/p>\n<p style=\"text-align: justify;\">&#8211; Banka ve finans kurumlar\u0131na ili\u015fkin ipotek, teminat, kredi, leasing ve factoring ve benzeri di\u011fer i\u015flemlerin takip edilmesi<\/p>\n<p style=\"text-align: justify;\">&#8211; Banka ve finans kurumlar\u0131 nezdinde kredi ve finansman vb. S\u00f6zle\u015fmelerin haz\u0131rlanmas\u0131, incelenmesi ve g\u00f6r\u00fc\u015f verilmesi<\/p>\n<p style=\"text-align: justify;\">&#8211; Banka ve finans kurumlar\u0131n\u0131n her t\u00fcrl\u00fc hak ve alacak takiplerinin yap\u0131lmas\u0131<\/p>\n","protected":false},"excerpt":{"rendered":"<p>Bankac\u0131l\u0131k &amp; Finans Avukat\u0131 Banka ve finans kurumlar\u0131na y\u00f6nelik bankac\u0131l\u0131k ve finans avukat\u0131 olarak faaliyet g\u00f6steren \u0130stanbul K&amp;D Hukuk B\u00fcrosu, m\u00fcvekkillerinin ihtiya\u00e7 duydu\u011fu hukuki konularda dan\u0131\u015fmanl\u0131k ve dava avukatl\u0131\u011f\u0131 hizmeti sunmaktad\u0131r. &#8211; Banka ve finans kurumlar\u0131na ili\u015fkin ipotek, teminat, kredi, leasing ve factoring ve benzeri di\u011fer i\u015flemlerin takip edilmesi &#8211; Banka ve finans kurumlar\u0131 nezdinde [&hellip;]<\/p>\n","protected":false},"author":1,"featured_media":0,"parent":0,"menu_order":0,"comment_status":"closed","ping_status":"closed","template":"","meta":{"footnotes":""},"class_list":["post-506","page","type-page","status-publish","hentry"],"aioseo_notices":[],"_links":{"self":[{"href":"https:\/\/www.kdhukuk.com\/wp-json\/wp\/v2\/pages\/506","targetHints":{"allow":["GET"]}}],"collection":[{"href":"https:\/\/www.kdhukuk.com\/wp-json\/wp\/v2\/pages"}],"about":[{"href":"https:\/\/www.kdhukuk.com\/wp-json\/wp\/v2\/types\/page"}],"author":[{"embeddable":true,"href":"https:\/\/www.kdhukuk.com\/wp-json\/wp\/v2\/users\/1"}],"replies":[{"embeddable":true,"href":"https:\/\/www.kdhukuk.com\/wp-json\/wp\/v2\/comments?post=506"}],"version-history":[{"count":0,"href":"https:\/\/www.kdhukuk.com\/wp-json\/wp\/v2\/pages\/506\/revisions"}],"wp:attachment":[{"href":"https:\/\/www.kdhukuk.com\/wp-json\/wp\/v2\/media?parent=506"}],"curies":[{"name":"wp","href":"https:\/\/api.w.org\/{rel}","templated":true}]}}