{"id":508,"date":"2015-11-29T17:31:25","date_gmt":"2015-11-29T15:31:25","guid":{"rendered":"https:\/\/www.kdhukuk.com\/?page_id=508"},"modified":"2021-12-22T17:18:27","modified_gmt":"2021-12-22T14:18:27","slug":"bilisim-avukati","status":"publish","type":"page","link":"https:\/\/www.kdhukuk.com\/bilisim-avukati\/","title":{"rendered":"Bili\u015fim Avukat\u0131"},"content":{"rendered":"<h1>Bili\u015fim Avukat\u0131<\/h1>\n<p style=\"text-align: justify;\">\u0130stanbul&#8217;da bulunan K&amp;D Hukuk B\u00fcrosu, elektronik ticaret, ak\u0131ll\u0131 telefon uygulamal\u0131 vb. konulara ili\u015fkin uzman bili\u015fim avukat\u0131 kadrosu ile sahip oldu\u011fu teknik bilgisi do\u011frultusunda dan\u0131\u015fmanl\u0131k ve dava avukatl\u0131\u011f\u0131 hizmeti sunmaktad\u0131r:<\/p>\n<p style=\"text-align: justify;\">&#8211; Bili\u015fim alan\u0131nda geli\u015ftirilen yarat\u0131c\u0131 ve \u00f6zg\u00fcn bir fikrin \u00fcr\u00fcn\u00fc olan eserlerin telif haklar\u0131 ve fikri s\u0131nai m\u00fclkiyet hukuku kapsam\u0131ndaki di\u011fer haklar\u0131n\u0131n korunmas\u0131<\/p>\n<p style=\"text-align: justify;\">&#8211; \u0130\u00e7erik ve yer sa\u011flay\u0131c\u0131lar\u0131na hukuki m\u00fceyyidelere kar\u015f\u0131 dan\u0131\u015fma verilmesi ve haklar\u0131n\u0131n korunmas\u0131<\/p>\n<p style=\"text-align: justify;\">&#8211; Elektronik ticaret sekt\u00f6r\u00fcne y\u00f6nelik, mesafeli al\u0131m-sat\u0131m s\u00f6zle\u015fmeleri vb. konularda hukuki hizmet verilmesi<\/p>\n<p style=\"text-align: justify;\">&#8211; IOS, Android vb. i\u015fletim sistemlerinde geli\u015ftirilen ak\u0131ll\u0131 telefon uygulamalar\u0131nda ortaya \u00e7\u0131kan hukuki meselelere ili\u015fkin hukuki hizmet verilmesi<\/p>\n<p style=\"text-align: justify;\">&#8211; Marka ve telif hakk\u0131 konusu olan \u00fcr\u00fcnlerin kay\u0131t ve tescili konular\u0131nda hizmet verilmesi<\/p>\n","protected":false},"excerpt":{"rendered":"<p>Bili\u015fim Avukat\u0131 \u0130stanbul&#8217;da bulunan K&amp;D Hukuk B\u00fcrosu, elektronik ticaret, ak\u0131ll\u0131 telefon uygulamal\u0131 vb. konulara ili\u015fkin uzman bili\u015fim avukat\u0131 kadrosu ile sahip oldu\u011fu teknik bilgisi do\u011frultusunda dan\u0131\u015fmanl\u0131k ve dava avukatl\u0131\u011f\u0131 hizmeti sunmaktad\u0131r: &#8211; Bili\u015fim alan\u0131nda geli\u015ftirilen yarat\u0131c\u0131 ve \u00f6zg\u00fcn bir fikrin \u00fcr\u00fcn\u00fc olan eserlerin telif haklar\u0131 ve fikri s\u0131nai m\u00fclkiyet hukuku kapsam\u0131ndaki di\u011fer haklar\u0131n\u0131n korunmas\u0131 &#8211; [&hellip;]<\/p>\n","protected":false},"author":1,"featured_media":0,"parent":0,"menu_order":0,"comment_status":"closed","ping_status":"closed","template":"","meta":{"footnotes":""},"class_list":["post-508","page","type-page","status-publish","hentry"],"aioseo_notices":[],"_links":{"self":[{"href":"https:\/\/www.kdhukuk.com\/wp-json\/wp\/v2\/pages\/508","targetHints":{"allow":["GET"]}}],"collection":[{"href":"https:\/\/www.kdhukuk.com\/wp-json\/wp\/v2\/pages"}],"about":[{"href":"https:\/\/www.kdhukuk.com\/wp-json\/wp\/v2\/types\/page"}],"author":[{"embeddable":true,"href":"https:\/\/www.kdhukuk.com\/wp-json\/wp\/v2\/users\/1"}],"replies":[{"embeddable":true,"href":"https:\/\/www.kdhukuk.com\/wp-json\/wp\/v2\/comments?post=508"}],"version-history":[{"count":0,"href":"https:\/\/www.kdhukuk.com\/wp-json\/wp\/v2\/pages\/508\/revisions"}],"wp:attachment":[{"href":"https:\/\/www.kdhukuk.com\/wp-json\/wp\/v2\/media?parent=508"}],"curies":[{"name":"wp","href":"https:\/\/api.w.org\/{rel}","templated":true}]}}