{"id":510,"date":"2015-11-29T17:31:52","date_gmt":"2015-11-29T15:31:52","guid":{"rendered":"https:\/\/www.kdhukuk.com\/?page_id=510"},"modified":"2024-12-22T16:19:31","modified_gmt":"2024-12-22T13:19:31","slug":"bosanma-avukati","status":"publish","type":"page","link":"https:\/\/www.kdhukuk.com\/bosanma-avukati\/","title":{"rendered":"Bo\u015fanma Avukat\u0131"},"content":{"rendered":"<h1 style=\"text-align: justify;\">Bo\u015fanma Avukat\u0131<\/h1>\n<p style=\"text-align: justify;\"><em>\u0130stanbul<\/em> K&amp;D Hukuk B\u00fcrosu, anla\u015fmal\u0131 ve \u00e7eki\u015fmeli bo\u015fanma davalar\u0131na y\u00f6nelik, <em>bo\u015fanma avukat\u0131<\/em> olarak uzmanla\u015fm\u0131\u015f ekibi ile evlili\u011fin yasal olarak sona ermesi a\u015famas\u0131nda tazminat, nafaka, velayet, mal rejiminin tasfiyesi konular\u0131 dahil olmak \u00fczere her t\u00fcrl\u00fc hukuki dan\u0131\u015fmanl\u0131k ve dava avukatl\u0131\u011f\u0131 hizmetini vermektedir. Avukatlar\u0131m\u0131z bo\u015fanma hukuku konusunda uzun y\u0131llar boyu edindikleri deneyim ve teknik bilgiler \u00e7er\u00e7evesinde, m\u00fcvekkillerine en etkili, h\u0131zl\u0131 ve ba\u015far\u0131l\u0131 neticeyi sa\u011flamak \u00fczere hukuki destek vermektedirler.<\/p>\n<h2 style=\"text-align: justify;\">Bo\u015fanma Avukat\u0131 Ekibimizin Sa\u011flad\u0131\u011f\u0131 Yasal \u00c7\u00f6z\u00fcmler<\/h2>\n<p style=\"text-align: justify;\">Bo\u015fanma karar\u0131 ancak 4721 Say\u0131l\u0131 T\u00fcrk Medeni Kanun&#8217;da belirtilen nedenlerin varl\u0131\u011f\u0131 halinde ve ancak hakim karar\u0131yla m\u00fcmk\u00fcn olmaktad\u0131r.\u00a0Bo\u015fanma davas\u0131n\u0131n h\u0131zl\u0131 sonu\u00e7lanmas\u0131 ve netice olarak bo\u015fanma karar\u0131n\u0131n verilmesini temin etmek amac\u0131yla \u00f6ncelikle evlilik birli\u011finin sona ermesine gerek\u00e7e\u00a0g\u00f6sterilecek nedenin do\u011fru olarak te\u015fhis edilmesi gerekir. Taraflar bo\u015fanma davas\u0131n\u0131 a\u00e7ma ve y\u00fcr\u00fctme a\u015famas\u0131nda her ne kadar kanuni olarak avukat ile y\u00fcr\u00fctmek zorunlulu\u011fu yok ise de, taraflar\u0131n yasal haklar\u0131n\u0131n korunmas\u0131n\u0131 temin etmek, delillerin tespiti ve toplanmas\u0131 ve tasnifi, bo\u015fanma davas\u0131 s\u00fcresince hakim taraf\u0131ndan \u00f6ng\u00f6r\u00fclen hukuki i\u015flemlerin ger\u00e7ekle\u015ftirilmesi ve bilhassa nafaka, tazminat ve velayet uzla\u015fmazl\u0131klar\u0131n\u0131n\u00a0ba\u015far\u0131l\u0131 olarak sonu\u00e7lanmas\u0131 bak\u0131m\u0131ndan\u00a0davan\u0131n mutlaka bir <span style=\"text-decoration: underline;\">bo\u015fanma avukat\u0131<\/span> e\u015fli\u011finde y\u00fcr\u00fct\u00fclmesi gerekmektedir.\u00a0<em>Bo\u015fanma avukat\u0131<\/em>, bo\u015fanma davalar\u0131 konusunda uzmanla\u015fm\u0131\u015f ve a\u011f\u0131rl\u0131kl\u0131 olarak bo\u015fanma hukuku \u00fczerinde \u00e7al\u0131\u015fan avukat olarak tan\u0131mlanabilir.<\/p>\n<h3 style=\"text-align: justify;\">Bo\u015fanma Nedenleri ve Bo\u015fanma S\u00fcreci <img fetchpriority=\"high\" decoding=\"async\" class=\"alignright size-full wp-image-1521\" src=\"https:\/\/www.kdhukuk.com\/wp-content\/uploads\/bo\u015fanma-avukat\u0131-istanbul-e1455573686850.jpg\" alt=\"bo\u015fanma avukat\u0131, istanbul bo\u015fanma avukatlar\u0131, hukuk b\u00fcrosu, istanbul bo\u015fanma avukat\u0131\" width=\"350\" height=\"210\" \/><\/h3>\n<p style=\"text-align: justify;\">T\u00fcrk <span style=\"color: #808080;\"><a style=\"color: #808080;\" href=\"https:\/\/www.tbmm.gov.tr\/kanunlar\/k4721.html\" target=\"_blank\" rel=\"noopener\">Medeni Kanunu<\/a><\/span> uyar\u0131nca e\u015flerden birinin zina etmesi, hayata kast, k\u00f6t\u00fc muamele ve onur k\u0131r\u0131c\u0131 davran\u0131\u015flarda bulunmas\u0131, su\u00e7 i\u015flemesi ve haysiyetsiz hayat s\u00fcrmesi, hakl\u0131 bir sebep olmadan ortak konutu terk etmesi ve ak\u0131l hastal\u0131\u011f\u0131n\u0131n bulunmas\u0131 halinde, di\u011fer e\u015f bo\u015fanma davas\u0131 a\u00e7abilir. Yine ortak hayat s\u00fcrd\u00fcr\u00fclmesinin m\u00fcmk\u00fcn olmayacak derecede evlilik birli\u011finin temelinden sars\u0131lmas\u0131 halinde de e\u015flerden her biri bo\u015fanma davas\u0131 a\u00e7abilir. E\u015fler yukar\u0131da yaz\u0131l\u0131 hallerde dilerse bo\u015fanma yerine ayr\u0131l\u0131k da talep edebilir. Bo\u015fanma davas\u0131 a\u00e7\u0131ld\u0131\u011f\u0131nda, aile mahkemeleri taraf\u0131ndan devan\u0131n devam\u0131 s\u00fcresince, bar\u0131nma, ge\u00e7inme, \u00e7ocuklar\u0131n bak\u0131m ve korumas\u0131 i\u00e7in ihtiya\u00e7 duyulan \u00f6nlemler al\u0131narak dava sonu\u00e7lanmadan tedbir nafakas\u0131na h\u00fckmedilebilece\u011fi gibi e\u015flerin ortak mallar\u0131n\u0131n y\u00f6netilmesine ili\u015fkin \u00f6nlemler de al\u0131n\u0131r.<\/p>\n<h3 style=\"text-align: justify;\">Bo\u015fanma Karar\u0131 ve Sonu\u00e7lar\u0131<\/h3>\n<p style=\"text-align: justify;\">Bo\u015fanma sebepleri ispatland\u0131\u011f\u0131 takdirde aile mahkemesi hakimi taraf\u0131ndan bo\u015fanma karar\u0131 verilir. Bo\u015fanan kad\u0131n evlenmeden \u00f6nceki soyad\u0131n\u0131 al\u0131r ancak bo\u015fand\u0131\u011f\u0131 kocas\u0131n\u0131n soyad\u0131n\u0131 ta\u015f\u0131ma hususunda menfaati varsa talebi halinde eski e\u015finin soyad\u0131n\u0131 kullanmaya devam edebilir. Bo\u015fanma karar\u0131 y\u00fcz\u00fcnden yoksullu\u011fa d\u00fc\u015fen taraf, ge\u00e7inme ihtiyac\u0131n\u0131 kar\u015f\u0131layabilmek amac\u0131yla di\u011fer taraf\u0131n mali g\u00fcc\u00fcyle orant\u0131l\u0131 olarak s\u00fcresiz olarak nafaka talep edebilir. Nafaka bo\u015fanma davas\u0131 ile birlikte talep edilebilece\u011fi gibi bo\u015fanma karar\u0131n\u0131n verilmesinden sonra da talep edilebilir. Bo\u015fanma nedeniyle mevcut ve gelecekteki menfaatleri zarar g\u00f6ren ve di\u011fer e\u015fe g\u00f6re daha az kusuru olan taraf, di\u011fer e\u015ften maddi tazminat talep edebilir. Yine ki\u015filik haklar\u0131 sald\u0131r\u0131ya u\u011frayan taraf maddi tazminat\u0131n yan\u0131nda manevi tazminat talebinde de bulunabilir.<\/p>\n<h3 style=\"text-align: justify;\"><img decoding=\"async\" class=\"alignleft size-medium wp-image-1778\" src=\"https:\/\/www.kdhukuk.com\/wp-content\/uploads\/bo\u015fanma-avukat\u0131-hukuk-b\u00fcrosu-istanbul-300x200.jpg\" alt=\"bo\u015fanma avukat\u0131 istanbul\" width=\"300\" height=\"200\" srcset=\"https:\/\/www.kdhukuk.com\/wp-content\/uploads\/bo\u015fanma-avukat\u0131-hukuk-b\u00fcrosu-istanbul-300x200.jpg 300w, https:\/\/www.kdhukuk.com\/wp-content\/uploads\/bo\u015fanma-avukat\u0131-hukuk-b\u00fcrosu-istanbul-1024x682.jpg 1024w, https:\/\/www.kdhukuk.com\/wp-content\/uploads\/bo\u015fanma-avukat\u0131-hukuk-b\u00fcrosu-istanbul.jpg 1698w\" sizes=\"(max-width: 300px) 100vw, 300px\" \/>Bo\u015fanmada Mal Rejiminin Tasfiyesi ve \u00c7ocuklar\u0131n Velayeti<\/h3>\n<p style=\"text-align: justify;\">Mal rejiminin tasfiyesi davas\u0131 bo\u015fanma davas\u0131 ile birlikte talep edilebilece\u011fi gibi, bo\u015fanma karar\u0131 verildikten sonra da ayr\u0131ca a\u00e7\u0131labilir. T\u00fcrk Medeni Kanunu d\u00f6rt \u00e7e\u015fit mal rejimi d\u00fczenlemi\u015ftir. Bunlar edinilmi\u015f mallara kat\u0131lma rejimi, mal ayr\u0131l\u0131\u011f\u0131 rejimi, payla\u015fmal\u0131 mal ayr\u0131l\u0131\u011f\u0131 rejimi ve mal ortakl\u0131\u011f\u0131 rejimidir. E\u011fer e\u015fler aras\u0131nda herhangi bir mal rejiminin se\u00e7ilece\u011fine dair bir s\u00f6zle\u015fme yap\u0131lmam\u0131\u015f ise, bu durumda uygulanmas\u0131 esas olan edinilmi\u015f mallara kat\u0131lma rejimidir. Edinilmi\u015f mal e\u015flerin evlilik birli\u011fi s\u00fcresince kar\u015f\u0131l\u0131\u011f\u0131n\u0131 vermek suretiyle edindikleri ki\u015fisel mallar\u0131d\u0131r. Bunlar \u00e7al\u0131\u015fmas\u0131n\u0131n kar\u015f\u0131l\u0131\u011f\u0131 olan gelirler, ki\u015fisel mallar\u0131n\u0131n gelirleri, \u00e7al\u0131\u015fma g\u00fcc\u00fcn\u00fcn kayb\u0131 nedeniyle al\u0131nan tazminatlar ve sosyal g\u00fcvenlik kurumu vb. kurumlar\u0131n yapt\u0131\u011f\u0131 \u00f6demelerdir. Edinilmi\u015f mallar \u00fczerinde e\u015flerden her biri di\u011fer e\u015fin evlilik birli\u011fi s\u00fcresince edindi\u011fi mallara ait art\u0131k de\u011ferin (bu mallara ait bor\u00e7lar \u00e7\u0131kar\u0131ld\u0131ktan sonra kalan miktar) yar\u0131s\u0131 \u00fczerinde hak sahibi olur ve kat\u0131lma alaca\u011f\u0131 davas\u0131 a\u00e7mak suretiyle bu miktar\u0131 talep edebilir. Dolay\u0131s\u0131yla yasal mal rejimi uyar\u0131nca e\u015flerin di\u011fer e\u015fin evlilik birli\u011fi s\u00fcresince edindi\u011fi mallar\u0131n yar\u0131s\u0131na tekab\u00fcl eden miktar\u0131 talep etme hakk\u0131 bulunmaktad\u0131r. S\u00f6zle\u015fme ile ba\u015fka bir mal rejimi belirlenmi\u015fse, s\u00f6z konusu mal rejimi h\u00fck\u00fcmlerine g\u00f6re tasfiye ger\u00e7ekle\u015ftirilir.<br \/>\n\u00c7ocuklar\u0131n velayeti bak\u0131m\u0131ndan ise hakim \u00e7ocu\u011fun y\u00fcksek menfaatini g\u00f6zetmek suretiyle \u00e7ocu\u011fun geli\u015fimini sa\u011fl\u0131kl\u0131 bir \u015fekilde ger\u00e7ekle\u015ftirebilece\u011fi maddi ve manevi ortam\u0131n hangi taraf\u00e7a daha iyi kar\u015f\u0131lanabilece\u011fini de\u011ferlendirmek suretiyle karar verir. Velayet kendisine verilmeyen taraf\u0131n \u00e7ocuk ile ki\u015fisel ili\u015fkisi de hakim taraf\u0131ndan belirlenece\u011fi gibi, s\u00f6z konusu taraf \u00e7ocu\u011fun e\u011fitim ve bak\u0131m giderlerine de g\u00fcc\u00fc oran\u0131nda kat\u0131lacakt\u0131r.<\/p>\n<h2 style=\"text-align: justify;\">Bo\u015fanma Avukat\u0131\u00a0Olarak Sundu\u011fumuz Hukuki Hizmetler<\/h2>\n<p style=\"text-align: justify;\">K&amp;D <em>Hukuk B\u00fcrosu, <\/em>yaln\u0131zca <em>\u0130stanbul<\/em> s\u0131n\u0131rlar\u0131 i\u00e7erisindeki bo\u015fanma davalar\u0131na ili\u015fkin hizmet vermekte olup, avukatlar\u0131m\u0131z\u0131n bo\u015fanma hukuku kapsam\u0131nda verdi\u011fi hukuki hizmetler a\u015fa\u011f\u0131da \u00f6zetlenmi\u015ftir:<\/p>\n<p style=\"text-align: justify;\">&#8211; Anla\u015fmal\u0131 bo\u015fanma davas\u0131 a\u00e7\u0131lmas\u0131 ve bo\u015fanma protokol\u00fcn\u00fcn haz\u0131rlanmas\u0131<\/p>\n<p style=\"text-align: justify;\">&#8211; Evlilik birli\u011finin temelden sars\u0131lmas\u0131, \u015fiddet, aldatma, terk ve benzeri hakl\u0131 sebeplerle \u00e7eki\u015fmeli bo\u015fanma davas\u0131 a\u00e7\u0131lmas\u0131, bo\u015fanma protokol\u00fc haz\u0131rlanmas\u0131<\/p>\n<p style=\"text-align: justify;\">&#8211; Bo\u015fanma davas\u0131 ile birlikte mal rejiminin tasfiye edilerek evlilik sonras\u0131 edinilen ortak mallar\u0131n payla\u015ft\u0131r\u0131lmas\u0131<\/p>\n<p style=\"text-align: justify;\">&#8211; Velayet, koruma tedbirleri, yoksulluk ve yard\u0131m nafakalar\u0131 ile birlikte maddi ve manevi tazminat taleplerine ili\u015fkin s\u00fcrecin i\u015fletilmesi<\/p>\n<p style=\"text-align: justify;\">&#8211; Yurt d\u0131\u015f\u0131nda ger\u00e7ekle\u015ftirilen evliliklerin T\u00fcrkiye\u2019de tan\u0131nmas\u0131 veya bo\u015fanma kararlar\u0131n\u0131n tenfizi<\/p>\n<p style=\"text-align: justify;\"><strong>\u0130stanbul<\/strong>&#8216;da bulunan K&amp;D Hukuk B\u00fcrosu <strong>bo\u015fanma avukat\u0131<\/strong> ekibine ula\u015fmak i\u00e7in ileti\u015fim sayfam\u0131z\u0131 ziyaret edebilirsiniz.<\/p>\n","protected":false},"excerpt":{"rendered":"<p>Bo\u015fanma Avukat\u0131 \u0130stanbul K&amp;D Hukuk B\u00fcrosu, anla\u015fmal\u0131 ve \u00e7eki\u015fmeli bo\u015fanma davalar\u0131na y\u00f6nelik, bo\u015fanma avukat\u0131 olarak uzmanla\u015fm\u0131\u015f ekibi ile evlili\u011fin yasal olarak sona ermesi a\u015famas\u0131nda tazminat, nafaka, velayet, mal rejiminin tasfiyesi konular\u0131 dahil olmak \u00fczere her t\u00fcrl\u00fc hukuki dan\u0131\u015fmanl\u0131k ve dava avukatl\u0131\u011f\u0131 hizmetini vermektedir. Avukatlar\u0131m\u0131z bo\u015fanma hukuku konusunda uzun y\u0131llar boyu edindikleri deneyim ve teknik bilgiler [&hellip;]<\/p>\n","protected":false},"author":1,"featured_media":0,"parent":0,"menu_order":0,"comment_status":"closed","ping_status":"closed","template":"","meta":{"footnotes":""},"class_list":["post-510","page","type-page","status-publish","hentry"],"aioseo_notices":[],"_links":{"self":[{"href":"https:\/\/www.kdhukuk.com\/wp-json\/wp\/v2\/pages\/510","targetHints":{"allow":["GET"]}}],"collection":[{"href":"https:\/\/www.kdhukuk.com\/wp-json\/wp\/v2\/pages"}],"about":[{"href":"https:\/\/www.kdhukuk.com\/wp-json\/wp\/v2\/types\/page"}],"author":[{"embeddable":true,"href":"https:\/\/www.kdhukuk.com\/wp-json\/wp\/v2\/users\/1"}],"replies":[{"embeddable":true,"href":"https:\/\/www.kdhukuk.com\/wp-json\/wp\/v2\/comments?post=510"}],"version-history":[{"count":2,"href":"https:\/\/www.kdhukuk.com\/wp-json\/wp\/v2\/pages\/510\/revisions"}],"predecessor-version":[{"id":3052,"href":"https:\/\/www.kdhukuk.com\/wp-json\/wp\/v2\/pages\/510\/revisions\/3052"}],"wp:attachment":[{"href":"https:\/\/www.kdhukuk.com\/wp-json\/wp\/v2\/media?parent=510"}],"curies":[{"name":"wp","href":"https:\/\/api.w.org\/{rel}","templated":true}]}}