{"id":512,"date":"2015-11-29T17:32:11","date_gmt":"2015-11-29T15:32:11","guid":{"rendered":"https:\/\/www.kdhukuk.com\/?page_id=512"},"modified":"2021-12-22T17:17:53","modified_gmt":"2021-12-22T14:17:53","slug":"ceza-avukati","status":"publish","type":"page","link":"https:\/\/www.kdhukuk.com\/ceza-avukati\/","title":{"rendered":"Ceza Avukat\u0131"},"content":{"rendered":"<h1>Ceza Avukat\u0131<\/h1>\n<p style=\"text-align: justify;\"><strong>\u0130stanbul<\/strong> ili i\u00e7erisinde g\u00f6r\u00fclen ceza davalar\u0131na ili\u015fkin olarak, uzman <strong>ceza avukat\u0131<\/strong> Av. Ezgi Kuma\u015f \u00f6nderli\u011finde, ba\u015fta <em>A\u011f\u0131r Ceza Mahkemesi<\/em> olmak \u00fczere, <em>Sulh Ceza<\/em> Hakimlikleri ve <em>Asliye Ceza Mahkemeleri<\/em>nde g\u00f6r\u00fclmekte olan ceza davalar\u0131na ve savc\u0131l\u0131k soru\u015fturmalar\u0131na ili\u015fkin olarak, K&amp;D <em>Hukuk B\u00fcrosu<\/em> T\u00fcrk Ceza Kanunu Kapsam\u0131\u2019nda yer alan t\u00fcm su\u00e7lar kapsam\u0131nda dan\u0131\u015fmanl\u0131k, ma\u011fdur avukatl\u0131\u011f\u0131 ve \u015f\u00fcpheli veya san\u0131klara m\u00fcdafilik hizmeti vermektedir. Ceza avukatlar\u0131m\u0131z bilhassa ceza hukuku alan\u0131nda uzmanla\u015fm\u0131\u015f olup, m\u00fcvekkillerine ceza yarg\u0131lamas\u0131 a\u015famas\u0131nda adil yarg\u0131lanma hakk\u0131 kapsam\u0131nda en etkili ve ba\u015far\u0131l\u0131 neticeyi almak \u00fczere m\u00fcvekkillerine hukuki destek sa\u011flamaktad\u0131r.<\/p>\n<h2 style=\"text-align: justify;\">Ceza Hukuku Alan\u0131nda Etkili \u00c7\u00f6z\u00fcmler<\/h2>\n<p style=\"text-align: justify;\">Ceza yarg\u0131lamas\u0131 \u00fc\u00e7 ana unsurdan olu\u015fur; iddia, savunma ve yarg\u0131lama. Savunma hakk\u0131, kendisine bir su\u00e7 isnat edilen ki\u015finin, s\u00f6z konusu su\u00e7u i\u015flemedi\u011fini yani masum oldu\u011funu, eylemin me\u015fru m\u00fcdafaa, zorunluluk hali vs. sebeplerle i\u015flendi\u011fini, i\u015flemi\u015f olmas\u0131na ra\u011fmen daha az cezay\u0131 hak etti\u011fini veya ki\u015fisel cezas\u0131zl\u0131k sebeplerinin varl\u0131\u011f\u0131 halinde cezaland\u0131r\u0131lmamas\u0131 gerekti\u011fini, yarg\u0131 makamlar\u0131 \u00f6n\u00fcnde ileri s\u00fcrebilmesidir.<\/p>\n<p style=\"text-align: justify;\">\u00d6ncelikle ki\u015fiye isnat edilen su\u00e7 bak\u0131m\u0131ndan, \u00f6ncelikle su\u00e7un varl\u0131\u011f\u0131n\u0131 tespit etmek i\u00e7in, d\u00f6rt unsur incelenir. Birincisi, su\u00e7un kanunda yer alan tan\u0131m\u0131na uygun olup olmad\u0131\u011f\u0131, ikincisi maddi unsur, \u00fc\u00e7\u00fcnc\u00fc olarak hukuka ayk\u0131r\u0131l\u0131k ve son olarak da manevi unsur di\u011fer bir deyi\u015fle kast veya taksir. E\u011fer bu unsurlardan biri eksikse bu halde bir su\u00e7un varl\u0131\u011f\u0131ndan, dolay\u0131s\u0131yla ceza verilmesinden s\u00f6z edilemez.<\/p>\n<p style=\"text-align: justify;\">Bir su\u00e7un varl\u0131\u011f\u0131n\u0131n s\u00f6z konusu oldu\u011fu hallerde de, bu defa san\u0131\u011f\u0131n hukuka uygunluk sebeplerinin varl\u0131\u011f\u0131 halinde ceza almamas\u0131 veya cezay\u0131 azaltan sebeplerin \u00f6rne\u011fin haks\u0131z tahrik olmas\u0131 halinde daha az ceza ile cezaland\u0131r\u0131lmas\u0131 s\u00f6z konusu olacakt\u0131r.<img fetchpriority=\"high\" decoding=\"async\" class=\"alignright size-medium wp-image-1523\" src=\"https:\/\/www.kdhukuk.com\/wp-content\/uploads\/ceza-avukat\u0131-istanbul-300x280.jpg\" alt=\"ceza avukat\u0131, istanbul ceza avukatlar\u0131, a\u011f\u0131r ceza avukat\u0131, hukuk b\u00fcrosu, istanbul ceza avukat\u0131, a\u011f\u0131r ceza avukatlar\u0131\" width=\"300\" height=\"280\" srcset=\"https:\/\/www.kdhukuk.com\/wp-content\/uploads\/ceza-avukat\u0131-istanbul-300x280.jpg 300w, https:\/\/www.kdhukuk.com\/wp-content\/uploads\/ceza-avukat\u0131-istanbul.jpg 1024w\" sizes=\"(max-width: 300px) 100vw, 300px\" \/><\/p>\n<p style=\"text-align: justify;\">Ceza hukukunun karma\u015f\u0131k yap\u0131s\u0131 ve ceza hukukuna hakim olan ilkelerin teorik alt yap\u0131s\u0131 veya Ceza Muhakemesi Kanunu&#8217;nun ihlali dolay\u0131s\u0131yla yarg\u0131laman\u0131n usule ayk\u0131r\u0131 olmas\u0131 nedeni ile adil yarg\u0131lanma ilkesinin ihlali sonucunu do\u011furacak t\u00fcm yarg\u0131sal i\u015flemlerin, ceza hukukuna hakim olmayan bireyler taraf\u0131ndan bilinmesi m\u00fcmk\u00fcn de\u011fildir. Bu nedenle, gerek m\u00fc\u015fteki veya zarar g\u00f6ren, gerekse \u015f\u00fcpheli ve san\u0131\u011f\u0131n ceza yarg\u0131lamas\u0131n\u0131n t\u00fcm a\u015famalar\u0131nda, hukuka ayk\u0131r\u0131 i\u015flem ve kararlara maruz kalmamas\u0131 ve geriye d\u00f6nd\u00fcr\u00fclmesi m\u00fcmk\u00fcn olmayan neticelerle kar\u015f\u0131 kar\u015f\u0131ya kalmamak amac\u0131yla mutlaka <span style=\"color: #808080;\"><a style=\"color: #808080;\" href=\"http:\/\/www.mevzuat.gov.tr\/Metin1.Aspx?MevzuatKod=1.5.5237&amp;MevzuatIliski=0&amp;sourceXmlSearch&amp;Tur=1&amp;Tertip=5&amp;No=5237\" target=\"_blank\" rel=\"noopener\">T\u00fcrk Ceza Kanunu<\/a><\/span> ve Ceza Muhakemesi Kanunu ilkelerine mutlak hakim uzman bir <span style=\"color: #333399;\"><strong>ceza avukat\u0131<\/strong><\/span> e\u015fli\u011finde iddia ve savunmalar\u0131n\u0131 ileri s\u00fcrmeleri gerekti\u011fine inanmaktay\u0131z.<\/p>\n<p style=\"text-align: justify;\">B\u00fcromuz <strong>a\u011f\u0131r ceza avukat\u0131<\/strong> ekibi, say\u0131s\u0131z ceza yarg\u0131lamas\u0131nda savunma avukat\u0131 olarak g\u00f6rev alm\u0131\u015f, yarg\u0131lama s\u0131ras\u0131nda m\u00fcvekkilleri ile kurdu\u011fu s\u0131k\u0131 dialog, bilgi-al\u0131\u015f veri\u015fi ve bunun yan\u0131nda tecr\u00fcbe ve ceza hukuku bilgi birikimi ile en iyi \u00e7\u00f6z\u00fcm\u00fcn ve ba\u015far\u0131n\u0131n imkans\u0131z olmad\u0131\u011f\u0131n\u0131 deneyimlemi\u015flerdir.<\/p>\n<h3 style=\"text-align: justify;\">A\u011f\u0131r Ceza Avukat\u0131<\/h3>\n<p style=\"text-align: justify;\">A\u011f\u0131rla\u015ft\u0131r\u0131lm\u0131\u015f m\u00fcebbet hapis, m\u00fcebbet hapis ve on y\u0131ldan fazla hapis cezalar\u0131n\u0131 gerektiren su\u00e7larla birlikte, <span style=\"color: #808080;\"><a style=\"color: #808080;\" href=\"http:\/\/www.mevzuat.gov.tr\/MevzuatMetin\/1.5.5235.pdf\" target=\"_blank\" rel=\"noopener\">5235<\/a><\/span> Say\u0131l\u0131 Kanun&#8217;un 12. maddesi\u00a0uyar\u0131nca d\u00fczenlenen su\u00e7lara bakmakla g\u00f6revli mahkeme a\u011f\u0131r ceza mahkemesidir. A\u011f\u0131r ceza avukat\u0131 ise a\u011f\u0131r ceza mahkemesinin g\u00f6rev alan\u0131na giren su\u00e7lar\u0131n\u00a0soru\u015fturma ve kovu\u015fturma a\u015famalar\u0131na hakim ve a\u011f\u0131r ceza davalar\u0131nda\u00a0gerek san\u0131k m\u00fcdafi gerekse ma\u011fdur\u00a0avukat\u0131 olarak uzmanla\u015fm\u0131\u015f avukatlard\u0131r.\u00a0A\u011f\u0131r ceza Mahkemeleri&#8217;nde g\u00f6r\u00fclen su\u00e7lar s\u0131kl\u0131kla 5271 Say\u0131l\u0131 <span style=\"color: #808080;\"><a style=\"color: #808080;\" href=\"http:\/\/www.mevzuat.gov.tr\/Metin1.Aspx?MevzuatKod=1.5.5271&amp;MevzuatIliski=0&amp;sourceXmlSearch=&amp;Tur=1&amp;Tertip=5&amp;No=5271\" target=\"_blank\" rel=\"noopener\">Ceza Muhakemesi Kanunu<\/a><\/span>&#8216;un 100. Maddesi&#8217;nde d\u00fczenlenen ve &#8220;katalog su\u00e7lar&#8221; olarak tan\u0131mlanan su\u00e7lar\u0131 kapsamas\u0131 nedeniyle uygulamada s\u0131kl\u0131kla tutuklama karar\u0131 ile kar\u015f\u0131la\u015f\u0131lmaktad\u0131r. Ceza Muhakemesi Kanunu a\u00e7\u0131s\u0131ndan yine a\u011f\u0131r ceza mahkemelerinin g\u00f6rev alan\u0131na giren su\u00e7lar ile di\u011fer ceza mahkemeleri aras\u0131nda farkl\u0131l\u0131k s\u00f6z konusu olup, tutukluluk s\u00fcresi 3 y\u0131la kadar uzat\u0131labilmektedir. Tutuklama karar\u0131, kuvvetli su\u00e7 \u015f\u00fcphesinin varl\u0131\u011f\u0131n\u0131 g\u00f6steren olgular\u00a0ve san\u0131\u011f\u0131n ka\u00e7ma \u015f\u00fcphesi, delilleri yok etme veya de\u011fi\u015ftirme, tan\u0131k veya ma\u011fdur \u00fczerinde bask\u0131 kurmas\u0131 hallerini olu\u015fturan bir tutuklama nedeninin varl\u0131\u011f\u0131 halinde verilebilir.<\/p>\n<p style=\"text-align: justify;\">Uygulamada her ne kadar keyfi tutuklama kararlar\u0131 ile kar\u015f\u0131 kar\u015f\u0131ya kal\u0131nsa da, esasen tutuklaman\u0131n \u015fartlar\u0131 olu\u015fsa dahi tutuklama karar\u0131 mecburi olmay\u0131p, ihtiyaridir dolay\u0131s\u0131yla ancak zorunlu hallerde ba\u015fvurulmas\u0131 gereken bir tedbirdir. <span style=\"color: #808080;\"><a style=\"color: #808080;\" href=\"http:\/\/www.echr.coe.int\/Documents\/Convention_TUR.pdf\" target=\"_blank\" rel=\"noopener\">Avrupa \u0130nsan Haklar\u0131 S\u00f6zle\u015fmesi<\/a><\/span>&#8216;nin 5. maddesinin 1. f\u0131kras\u0131 uyar\u0131nca da, su\u00e7un \u00f6nlenmesi, ka\u00e7ma ve su\u00e7 i\u015fleme \u015f\u00fcphesi ko\u015fullar\u0131 haricinde tutuklama karar\u0131 verilebilmesi m\u00fcmk\u00fcn de\u011fildir. Dolay\u0131s\u0131yla gerek savc\u0131l\u0131k a\u015famas\u0131nda gerekse a\u011f\u0131r ceza\u00a0yarg\u0131lamas\u0131 a\u015famas\u0131nda, uzman bir a\u011f\u0131r ceza avukat\u0131 e\u015fli\u011finde, yarg\u0131laman\u0131n esas\u0131na girmeksizin yaln\u0131zca tutuklama karar\u0131n\u0131n hukuka ayk\u0131r\u0131 oldu\u011funun ispat\u0131 halinde, en az\u0131ndan CMK&#8217;n\u0131n 109. maddesinde \u00f6ng\u00f6r\u00fclen adli kontrol m\u00fcessesesinin uygulanmas\u0131n\u0131 temin etmek suretiyle tahliye karar\u0131 al\u0131nmas\u0131 m\u00fcmk\u00fcnd\u00fcr.<\/p>\n<h3 style=\"text-align: justify;\"><img decoding=\"async\" class=\"alignleft size-full wp-image-1592\" src=\"https:\/\/www.kdhukuk.com\/wp-content\/uploads\/istanbul-a\u011f\u0131r-ceza-avukat\u0131.jpg\" alt=\"ceza avukat\u0131, istanbul ceza avukatlar\u0131, hukuk b\u00fcrosu ceza, a\u011f\u0131r ceza avukat\u0131, a\u011f\u0131r ceza avukatlar\u0131\" width=\"276\" height=\"183\" \/><\/h3>\n<h3 style=\"text-align: justify;\">Soru\u015fturma Evresinde Ceza Avukat\u0131<\/h3>\n<p style=\"text-align: justify;\">G\u00f6zalt\u0131 i\u015flemi, \u00fcst, e\u015fya, konut, i\u015fyeri aramas\u0131, ileti\u015fimin tespiti dinlenmesi ve kayda al\u0131nmas\u0131, teknik ara\u00e7larla izleme, emniyet ve savc\u0131l\u0131k ifadeleri, savunma delillerinin toplanmas\u0131, te\u015fhis i\u015flemleri, bilirki\u015fi atanmas\u0131 ve ceza yarg\u0131lamas\u0131n\u0131n temelini olu\u015fturan ve yarg\u0131laman\u0131n neticesini direkt olarak etkileyen bir\u00e7ok usul i\u015flemi soru\u015fturma evresinde yap\u0131lmaktad\u0131r. Ceza soru\u015fturmas\u0131n\u0131n sonunda, Cumhuriyet Savc\u0131s\u0131 taraf\u0131ndan toplanan delillerin su\u00e7un i\u015flendi\u011fine dair yeterli \u015f\u00fcphe olu\u015fturdu\u011funa kanaat getirdi\u011fi takdirde kamu davas\u0131 a\u00e7\u0131lmas\u0131 iste\u011fiyle bir iddianame d\u00fczenleyebilece\u011fi gibi, kovu\u015fturmaya yer olmad\u0131\u011f\u0131na dair karar vermek suretiyle de soru\u015fturmay\u0131 sonland\u0131rabilir. Soru\u015fturma evresinde \u00f6zellikle emniyet ve savc\u0131l\u0131k taraf\u0131ndan \u015f\u00fcphelinin ifadesinin al\u0131nmas\u0131 ve \u015f\u00fcpheli lehine delillerin toplanmas\u0131n\u0131n temini a\u015famas\u0131nda ceza avukat\u0131n\u0131n \u00f6nemi yads\u0131namaz. \u00d6zellikle ifade \u015f\u00fcphelinin en b\u00fcy\u00fck savunma arac\u0131d\u0131r ve mutlaka \u015f\u00fcphelinin \u00f6zg\u00fcr iradesine dayanmas\u0131 gerekir. <a href=\"https:\/\/www.tbmm.gov.tr\/anayasa\/anayasa82.htm\" target=\"_blank\" rel=\"noopener\">Anayasa Kanunu<\/a> madde 38 uyar\u0131nca, hi\u00e7 kimse kendisini ve yak\u0131nlar\u0131n\u0131 su\u00e7layan bir beyanda bulunmaya ve delil g\u00f6stermeye zorlanamaz. Uygulamada, soru\u015fturma evresinde ifade al\u0131nmas\u0131 a\u015famas\u0131nda bedensel ve ruhsal m\u00fcdahaleler ile \u015f\u00fcphelinin \u00f6zg\u00fcr iradesini k\u0131s\u0131tlayan yasak ifade metotlar\u0131na ba\u015fvuruldu\u011fu s\u0131kl\u0131kla g\u00f6r\u00fclmektedir. S\u00f6z konusu hukuka ayk\u0131r\u0131l\u0131klar\u0131n \u00f6nlenmesi ve \u015f\u00fcphelinin adil yag\u0131lanma hakk\u0131n\u0131n temini bak\u0131m\u0131ndan soru\u015fturma evresinin mutlaka bir ceza avukat\u0131 e\u015fli\u011finde y\u00fcr\u00fct\u00fclmesi gerekmektedir.<\/p>\n<h2 style=\"text-align: justify;\">Ceza Avukat\u0131 Olarak Verdi\u011fimiz Hukuksal Hizmetler<\/h2>\n<p style=\"text-align: justify;\">B\u00fcromuz yaln\u0131zca <span style=\"color: #800000;\"><strong>\u0130stanbul<\/strong><\/span> s\u0131n\u0131rlar\u0131 i\u00e7erisinde g\u00f6r\u00fclen ceza davalar\u0131na y\u00f6nelik hizmet vermekte olup, <span style=\"text-decoration: underline;\">ceza avukat\u0131<\/span> kadromuzun hukuki hizmet verdi\u011fi su\u00e7lar a\u015fa\u011f\u0131da \u00f6zetlenmi\u015ftir:<\/p>\n<p style=\"text-align: justify;\">&#8211; Hayata kar\u015f\u0131 su\u00e7lar: Kasten adam \u00f6ld\u00fcrme, taksirle adam \u00f6ld\u00fcrme, insan ticareti<\/p>\n<p style=\"text-align: justify;\">&#8211; V\u00fccut dokunulmazl\u0131\u011f\u0131na kar\u015f\u0131 su\u00e7lar : Kasten yaralama, taksirle yaralama<\/p>\n<p style=\"text-align: justify;\">&#8211; Cinsel dokunulmazl\u0131\u011fa kar\u015f\u0131 su\u00e7lar : Cinsel sald\u0131r\u0131, cinsel taciz, cinsel istismar<\/p>\n<p style=\"text-align: justify;\">&#8211; H\u00fcrriyete kar\u015f\u0131 su\u00e7lar : Tehdit, \u015fantaj, ki\u015fiyi h\u00fcrriyetinden yoksun b\u0131rakma, konut dokunulmazl\u0131\u011f\u0131n\u0131n ihlali<\/p>\n<p style=\"text-align: justify;\">&#8211; \u015eerefe kar\u015f\u0131 su\u00e7lar : Hakaret<\/p>\n<p style=\"text-align: justify;\">&#8211; \u00d6zel hayata kar\u015f\u0131 su\u00e7lar : \u00d6zel hayat\u0131n gizlili\u011fini ihlal, haberle\u015fmenin gizlili\u011fini ihlal<\/p>\n<p style=\"text-align: justify;\">&#8211; Mal varl\u0131\u011f\u0131na kar\u015f\u0131 su\u00e7lar : H\u0131rs\u0131zl\u0131k, kullanma h\u0131rs\u0131zl\u0131\u011f\u0131, ya\u011fma (gasp), mala zarar verme, g\u00fcveni k\u00f6t\u00fcye kullanma, doland\u0131r\u0131c\u0131l\u0131k<\/p>\n<p style=\"text-align: justify;\">&#8211; Kamu g\u00fcvenine kar\u015f\u0131 su\u00e7lar : Parada sahtecilik, resmi belgede sahtecilik, m\u00fch\u00fcrde sahtecilik, \u00f6zel belgede sahtecilik<\/p>\n<p style=\"text-align: justify;\">&#8211; Genel ahlaka kar\u015f\u0131 su\u00e7lar : M\u00fcstehcenlik, fuhu\u015f, kumar oynanmas\u0131 i\u00e7in yer ve imkan sa\u011flama<\/p>\n<p>Uzmanl\u0131\u011f\u0131n\u0131 <em>ceza davalar\u0131<\/em> \u00fczerine geli\u015ftirmi\u015f deneyimli <em>ceza avukat\u0131<\/em> Ezgi Kuma\u015f&#8217;a ve <em>\u0130stanbul<\/em> K&amp;D <strong>Hukuk B\u00fcrosu<\/strong>&#8216;na ula\u015fmak i\u00e7in <span style=\"color: #333399;\"><a style=\"color: #333399;\" href=\"mailto:ezgikumas@kdhukuk.com\">ezgikumas@kdhukuk.com<\/a><\/span> adresine e-mail g\u00f6nderebilir veya <span style=\"color: #333399;\"><a style=\"color: #333399;\" href=\"https:\/\/www.kdhukuk.com\/iletisim\" target=\"_blank\" rel=\"noopener\">ileti\u015fim<\/a><\/span> sayfam\u0131z\u0131 ziyaret edebilirsiniz.<\/p>\n","protected":false},"excerpt":{"rendered":"<p>Ceza Avukat\u0131 \u0130stanbul ili i\u00e7erisinde g\u00f6r\u00fclen ceza davalar\u0131na ili\u015fkin olarak, uzman ceza avukat\u0131 Av. Ezgi Kuma\u015f \u00f6nderli\u011finde, ba\u015fta A\u011f\u0131r Ceza Mahkemesi olmak \u00fczere, Sulh Ceza Hakimlikleri ve Asliye Ceza Mahkemelerinde g\u00f6r\u00fclmekte olan ceza davalar\u0131na ve savc\u0131l\u0131k soru\u015fturmalar\u0131na ili\u015fkin olarak, K&amp;D Hukuk B\u00fcrosu T\u00fcrk Ceza Kanunu Kapsam\u0131\u2019nda yer alan t\u00fcm su\u00e7lar kapsam\u0131nda dan\u0131\u015fmanl\u0131k, ma\u011fdur avukatl\u0131\u011f\u0131 ve [&hellip;]<\/p>\n","protected":false},"author":1,"featured_media":0,"parent":0,"menu_order":0,"comment_status":"closed","ping_status":"closed","template":"","meta":{"footnotes":""},"class_list":["post-512","page","type-page","status-publish","hentry"],"aioseo_notices":[],"_links":{"self":[{"href":"https:\/\/www.kdhukuk.com\/wp-json\/wp\/v2\/pages\/512","targetHints":{"allow":["GET"]}}],"collection":[{"href":"https:\/\/www.kdhukuk.com\/wp-json\/wp\/v2\/pages"}],"about":[{"href":"https:\/\/www.kdhukuk.com\/wp-json\/wp\/v2\/types\/page"}],"author":[{"embeddable":true,"href":"https:\/\/www.kdhukuk.com\/wp-json\/wp\/v2\/users\/1"}],"replies":[{"embeddable":true,"href":"https:\/\/www.kdhukuk.com\/wp-json\/wp\/v2\/comments?post=512"}],"version-history":[{"count":0,"href":"https:\/\/www.kdhukuk.com\/wp-json\/wp\/v2\/pages\/512\/revisions"}],"wp:attachment":[{"href":"https:\/\/www.kdhukuk.com\/wp-json\/wp\/v2\/media?parent=512"}],"curies":[{"name":"wp","href":"https:\/\/api.w.org\/{rel}","templated":true}]}}