{"id":514,"date":"2015-11-29T17:32:31","date_gmt":"2015-11-29T15:32:31","guid":{"rendered":"https:\/\/www.kdhukuk.com\/?page_id=514"},"modified":"2016-05-03T01:20:09","modified_gmt":"2016-05-02T22:20:09","slug":"calisma-oturma-izni","status":"publish","type":"page","link":"https:\/\/www.kdhukuk.com\/calisma-oturma-izni\/","title":{"rendered":"\u00c7al\u0131\u015fma ve Oturma \u0130zni"},"content":{"rendered":"<h1 style=\"text-align: justify;\">\u00c7al\u0131\u015fma ve Oturma \u0130zni<\/h1>\n<p style=\"text-align: justify;\">\u0130stanbul&#8217;da faaliyet g\u00f6steren K&amp;D Hukuk B\u00fcrosu, \u00e7al\u0131\u015fma ve oturma izni avukat\u0131 kadrosuyla, T\u00fcrkiye\u2019de ya\u015famak ve \u00e7al\u0131\u015fmak isteyen yabanc\u0131lar\u0131n ikametgah ve \u00e7al\u0131\u015fma izinlerine ili\u015fkin her t\u00fcrl\u00fc i\u015flemi ger\u00e7ekle\u015ftirmektedir.<\/p>\n","protected":false},"excerpt":{"rendered":"<p>\u00c7al\u0131\u015fma ve Oturma \u0130zni \u0130stanbul&#8217;da faaliyet g\u00f6steren K&amp;D Hukuk B\u00fcrosu, \u00e7al\u0131\u015fma ve oturma izni avukat\u0131 kadrosuyla, T\u00fcrkiye\u2019de ya\u015famak ve \u00e7al\u0131\u015fmak isteyen yabanc\u0131lar\u0131n ikametgah ve \u00e7al\u0131\u015fma izinlerine ili\u015fkin her t\u00fcrl\u00fc i\u015flemi ger\u00e7ekle\u015ftirmektedir.<\/p>\n","protected":false},"author":1,"featured_media":0,"parent":0,"menu_order":0,"comment_status":"closed","ping_status":"closed","template":"","meta":{"footnotes":""},"class_list":["post-514","page","type-page","status-publish","hentry"],"aioseo_notices":[],"_links":{"self":[{"href":"https:\/\/www.kdhukuk.com\/wp-json\/wp\/v2\/pages\/514","targetHints":{"allow":["GET"]}}],"collection":[{"href":"https:\/\/www.kdhukuk.com\/wp-json\/wp\/v2\/pages"}],"about":[{"href":"https:\/\/www.kdhukuk.com\/wp-json\/wp\/v2\/types\/page"}],"author":[{"embeddable":true,"href":"https:\/\/www.kdhukuk.com\/wp-json\/wp\/v2\/users\/1"}],"replies":[{"embeddable":true,"href":"https:\/\/www.kdhukuk.com\/wp-json\/wp\/v2\/comments?post=514"}],"version-history":[{"count":0,"href":"https:\/\/www.kdhukuk.com\/wp-json\/wp\/v2\/pages\/514\/revisions"}],"wp:attachment":[{"href":"https:\/\/www.kdhukuk.com\/wp-json\/wp\/v2\/media?parent=514"}],"curies":[{"name":"wp","href":"https:\/\/api.w.org\/{rel}","templated":true}]}}