{"id":516,"date":"2015-11-29T17:32:46","date_gmt":"2015-11-29T15:32:46","guid":{"rendered":"https:\/\/www.kdhukuk.com\/?page_id=516"},"modified":"2021-12-22T17:12:04","modified_gmt":"2021-12-22T14:12:04","slug":"telif-haklari-avukati","status":"publish","type":"page","link":"https:\/\/www.kdhukuk.com\/telif-haklari-avukati\/","title":{"rendered":"Telif Haklar\u0131 Avukat\u0131"},"content":{"rendered":"<h1 style=\"text-align: justify;\">Telif Haklar\u0131 Avukat\u0131<\/h1>\n<p style=\"text-align: justify;\">\u0130stanbul ilinde deneyimli telif haklar\u0131 avukat\u0131 kadrosu ile K&amp;D Hukuk B\u00fcrosu, korunmas\u0131 gereken yarat\u0131c\u0131 ve \u00f6zg\u00fcn nitelik ta\u015f\u0131yan \u00fcr\u00fcn, tasar\u0131m ve modellerin, teknik bilgi gerektiren bilgisayar ve ak\u0131ll\u0131 telefon yaz\u0131l\u0131mlar\u0131n\u0131n ve marka ve patentlerin tescili ve korunmas\u0131na ili\u015fkin her t\u00fcrl\u00fc dan\u0131\u015fmanl\u0131k ve dava avukatl\u0131\u011f\u0131 hizmeti vermektedir.<\/p>\n<p style=\"text-align: justify;\">&#8211; Bilgisayar yaz\u0131l\u0131m ve tasar\u0131mlar\u0131, ak\u0131ll\u0131 telefon aplikasyonlar\u0131 yaz\u0131l\u0131m ve tasar\u0131mlar\u0131, end\u00fcstriyel \u00fcr\u00fcn tasar\u0131mlar\u0131 gibi teknik bilgi gerektiren \u00fcr\u00fcnlerin tescili ve korunmas\u0131<\/p>\n<p style=\"text-align: justify;\">&#8211; Telif haklar\u0131n\u0131n ihlali halinde FSEK kapsam\u0131nda \u00f6ng\u00f6r\u00fclen su\u00e7lar\u0131n ve maddi ve manevi tazminatlar\u0131n takibi (copyright)<\/p>\n<p style=\"text-align: justify;\">&#8211; Ticari s\u0131rlar\u0131n korunmas\u0131 ve ihlali halinde uygulanacak yapt\u0131r\u0131mlar\u0131n takibi<\/p>\n","protected":false},"excerpt":{"rendered":"<p>Telif Haklar\u0131 Avukat\u0131 \u0130stanbul ilinde deneyimli telif haklar\u0131 avukat\u0131 kadrosu ile K&amp;D Hukuk B\u00fcrosu, korunmas\u0131 gereken yarat\u0131c\u0131 ve \u00f6zg\u00fcn nitelik ta\u015f\u0131yan \u00fcr\u00fcn, tasar\u0131m ve modellerin, teknik bilgi gerektiren bilgisayar ve ak\u0131ll\u0131 telefon yaz\u0131l\u0131mlar\u0131n\u0131n ve marka ve patentlerin tescili ve korunmas\u0131na ili\u015fkin her t\u00fcrl\u00fc dan\u0131\u015fmanl\u0131k ve dava avukatl\u0131\u011f\u0131 hizmeti vermektedir. &#8211; Bilgisayar yaz\u0131l\u0131m ve tasar\u0131mlar\u0131, ak\u0131ll\u0131 [&hellip;]<\/p>\n","protected":false},"author":1,"featured_media":0,"parent":0,"menu_order":0,"comment_status":"closed","ping_status":"closed","template":"","meta":{"footnotes":""},"class_list":["post-516","page","type-page","status-publish","hentry"],"aioseo_notices":[],"_links":{"self":[{"href":"https:\/\/www.kdhukuk.com\/wp-json\/wp\/v2\/pages\/516","targetHints":{"allow":["GET"]}}],"collection":[{"href":"https:\/\/www.kdhukuk.com\/wp-json\/wp\/v2\/pages"}],"about":[{"href":"https:\/\/www.kdhukuk.com\/wp-json\/wp\/v2\/types\/page"}],"author":[{"embeddable":true,"href":"https:\/\/www.kdhukuk.com\/wp-json\/wp\/v2\/users\/1"}],"replies":[{"embeddable":true,"href":"https:\/\/www.kdhukuk.com\/wp-json\/wp\/v2\/comments?post=516"}],"version-history":[{"count":0,"href":"https:\/\/www.kdhukuk.com\/wp-json\/wp\/v2\/pages\/516\/revisions"}],"wp:attachment":[{"href":"https:\/\/www.kdhukuk.com\/wp-json\/wp\/v2\/media?parent=516"}],"curies":[{"name":"wp","href":"https:\/\/api.w.org\/{rel}","templated":true}]}}