{"id":524,"date":"2015-11-29T17:49:06","date_gmt":"2015-11-29T15:49:06","guid":{"rendered":"https:\/\/www.kdhukuk.com\/?page_id=524"},"modified":"2021-12-22T17:16:11","modified_gmt":"2021-12-22T14:16:11","slug":"is-hukuku-avukati","status":"publish","type":"page","link":"https:\/\/www.kdhukuk.com\/is-hukuku-avukati\/","title":{"rendered":"\u0130\u015f Hukuku Avukat\u0131"},"content":{"rendered":"<h1 style=\"text-align: justify;\">\u0130\u015f Hukuku Avukat\u0131<\/h1>\n<p style=\"text-align: justify;\"><em>\u0130\u015f\u00e7i<\/em> ve <em>i\u015fveren<\/em> aras\u0131ndaki hizmet ili\u015fkisi kapsam\u0131nda, <strong>\u0130stanbul<\/strong> ilinde hizmet veren K&amp;D <strong>Hukuk B\u00fcrosu<\/strong>, <em>i\u015f hukuku avukat\u0131<\/em> kadrosu ile \u00f6zellikle i\u015f s\u00f6zle\u015fmesinin haks\u0131z feshi nedeniyle i\u015f\u00e7i ve i\u015fverenin ma\u011fduriyetinin giderilmesi amac\u0131yla t\u00fcm tazminatlar\u0131n takibi ve i\u015f kazalar\u0131 kapsam\u0131nda do\u011fan ihtilaflara y\u00f6nelik i\u015flemlere ili\u015fkin her t\u00fcrl\u00fc dan\u0131\u015fmanl\u0131k ve dava avukatl\u0131\u011f\u0131 hizmeti vermektedir.<\/p>\n<h2 style=\"text-align: justify;\">\u0130\u015f S\u00f6zle\u015fmelerine \u0130li\u015fkin Hukuki \u00c7\u00f6z\u00fcmlerimiz<\/h2>\n<p style=\"text-align: justify;\"><span style=\"color: #800000;\"><a style=\"color: #800000;\" href=\"http:\/\/www.mevzuat.gov.tr\/Metin1.Aspx?MevzuatKod=1.5.4857&amp;MevzuatIliski=0&amp;sourceXmlSearch&amp;Tur=1&amp;Tertip=5&amp;No=4857\" target=\"_blank\" rel=\"noopener\">\u0130\u015f Kanunu<\/a><\/span>, i\u015fverenler ile bir i\u015f s\u00f6zle\u015fmesine dayanarak \u00e7al\u0131\u015ft\u0131r\u0131lan i\u015f\u00e7ilerin \u00e7al\u0131\u015fma \u015fartlar\u0131 ve<br \/>\n\u00e7al\u0131\u015fma ortam\u0131na ili\u015fkin hak ve sorumluluklar\u0131n\u0131 d\u00fczenlemektedir. \u0130\u015f s\u00f6zle\u015fmesi ise i\u015f\u00e7inin ba\u011f\u0131ml\u0131 olarak i\u015f g\u00f6rmeyi, i\u015f verenin de \u00fccret \u00f6demeyi \u00fcstlenmesinden olu\u015fan bir s\u00f6zle\u015fmedir. S\u00fcresi bir y\u0131l ve daha fazla olan s\u00f6zle\u015fmelerin yaz\u0131l\u0131 \u015fekilde yap\u0131lmas\u0131 gerekir.<\/p>\n<p style=\"text-align: justify;\">\u0130\u015f hukuku kapsam\u0131nda g\u00f6r\u00fclen ihtilaflar \u00e7ok \u00e7e\u015fitli olmakla birlikte, genellikle belirsiz s\u00fcreli s\u00f6zle\u015fmelerin i\u015fveren veya <strong>i\u015f\u00e7i<\/strong> taraf\u0131ndan fesh edilmesi ve <strong>i\u015fveren<\/strong> taraf\u0131ndan feshin ge\u00e7ersiz olmas\u0131 halinde <strong>i\u015fe iade davas\u0131<\/strong> ve tazminat davalar\u0131 \u015feklinde ortaya \u00e7\u0131kmaktad\u0131r.<\/p>\n<p style=\"text-align: justify;\">Avukatlar\u0131m\u0131z, i\u015f s\u00f6zle\u015fmeleri kapsam\u0131nda i\u015f\u00e7ilerin haks\u0131z fesih halinde \u00f6zl\u00fck haklar\u0131n\u0131n talep edilmesi ve <em>i\u015fe iade davas\u0131<\/em> a\u00e7\u0131lmas\u0131, feshin k\u00f6t\u00fc niyetli yap\u0131lmas\u0131 halinde k\u00f6t\u00fc niyet tazminat\u0131 talep edilmesi hizmetlerinin yan\u0131 s\u0131ra i\u015f kanununun ihlali halinde kesilen para cezalar\u0131na itiraz davalar\u0131 ba\u015fta olmak \u00fczere, i\u015fverenlerin hukuki ihtiya\u00e7lar\u0131na da kar\u015f\u0131l\u0131k vermektedir.<\/p>\n<h2 style=\"text-align: justify;\"><img fetchpriority=\"high\" decoding=\"async\" class=\"alignright size-medium wp-image-1530\" src=\"https:\/\/www.kdhukuk.com\/wp-content\/uploads\/i\u015f-hukuku-avukat\u0131-istanbul-300x200.jpg\" alt=\"i\u015f hukuku avukat\u0131, istanbul i\u015f hukuku avukatlar\u0131, hukuk b\u00fcrosu, istanbul i\u015f avukat\u0131, hukuk b\u00fcrolar\u0131\" width=\"300\" height=\"200\" srcset=\"https:\/\/www.kdhukuk.com\/wp-content\/uploads\/i\u015f-hukuku-avukat\u0131-istanbul-300x200.jpg 300w, https:\/\/www.kdhukuk.com\/wp-content\/uploads\/i\u015f-hukuku-avukat\u0131-istanbul.jpg 414w\" sizes=\"(max-width: 300px) 100vw, 300px\" \/>\u0130\u015f Hukuku Avukatlar\u0131m\u0131z\u0131n Verdi\u011fi Hizmetler<\/h2>\n<p style=\"text-align: justify;\">K&amp;D <span style=\"color: #333399;\"><strong>Hukuk B\u00fcrosu<\/strong><\/span> yaln\u0131zca <span style=\"color: #333399;\"><strong>\u0130stanbul<\/strong><\/span> s\u0131n\u0131rlar\u0131 i\u00e7erisinde hukuki hizmet vermekte olup, <span style=\"color: #333399;\"><strong>i\u015f hukuku avukat\u0131<\/strong><\/span> ekibimizin \u0130\u015f Kanunu kapsam\u0131nda verdi\u011fi hukuki hizmetler a\u015fa\u011f\u0131da \u00f6zetlenmi\u015ftir:<\/p>\n<p style=\"text-align: justify;\">&#8211; Haks\u0131z i\u015ften \u00e7\u0131karma nedeniyle <em>k\u0131dem tazminat\u0131<\/em>, <em>ihbar tazminat\u0131<\/em>, <em>fazla mesai \u00fccreti<\/em>, <em>y\u0131ll\u0131k \u00fccretli izin<\/em> ve genel tatil tazminatlar\u0131n\u0131n takibi<\/p>\n<p style=\"text-align: justify;\">&#8211; \u00d6denmeyen <span style=\"color: #333399;\"><strong>i\u015f\u00e7i<\/strong><\/span> alacaklar\u0131n\u0131n takibi<\/p>\n<p style=\"text-align: justify;\">&#8211; \u0130\u015f\u00e7inin eksik \u00f6denen primlerinin ger\u00e7ek maa\u015f\u0131 \u00fczerinden \u00f6denmesinin temin edilmesi<\/p>\n<p style=\"text-align: justify;\">&#8211; \u0130\u015fverenin k\u00f6t\u00fc niyetli olarak i\u015f\u00e7inin i\u015fine son vermesi halinde (sendikal veya ayr\u0131mc\u0131l\u0131k vs. sebepler) k\u00f6t\u00fc niyet tazminat\u0131 talep edilmesi<\/p>\n<p style=\"text-align: justify;\">&#8211; \u0130\u015f s\u00f6zle\u015fmesinin haks\u0131z olarak feshedilmesi halinde i\u015fe iade davas\u0131 a\u00e7\u0131lmas\u0131<\/p>\n<p style=\"text-align: justify;\">&#8211; \u0130\u015f yerinde meydana gelen kazalar nedeniyle ortaya \u00e7\u0131kan zararlar\u0131n takibi<\/p>\n<p style=\"text-align: justify;\">&#8211; <span style=\"color: #333399;\"><strong>\u0130\u015fveren<\/strong><\/span> ve i\u015f\u00e7i ili\u015fkisi kapsam\u0131nda i\u015f s\u00f6zle\u015fmesinin haz\u0131rlanmas\u0131<\/p>\n<p style=\"text-align: justify;\">&#8211; \u0130\u015f\u00e7inin i\u015f s\u00f6zle\u015fmesini ihbar s\u00fcresine uymaks\u0131z\u0131n feshetmesi halinde ihbar tazminat\u0131n\u0131n takibi<\/p>\n<p style=\"text-align: justify;\">&#8211; \u0130\u015fverenlerin engelli ve eski h\u00fck\u00fcml\u00fc \u00e7al\u0131\u015ft\u0131rma zorunlulu\u011fu ihlaline ili\u015fkin ihtilaflara ili\u015fkin hukuki destek<\/p>\n<p style=\"text-align: justify;\">&#8211; \u0130\u015f Kanunu kapsam\u0131nda i\u015fveren aleyhine kesilen para cezalar\u0131na kar\u015f\u0131 itirazlar\u0131n yap\u0131lmas\u0131<\/p>\n<p style=\"text-align: justify;\"><em>\u0130stanbul<\/em> K&amp;D <em>Hukuk B\u00fcrosu<\/em>, <strong>i\u015f hukuku avukat\u0131<\/strong> ekibine ula\u015fmak i\u00e7in <span style=\"color: #333399;\"><a style=\"color: #333399;\" href=\"mailto:iletisim@kdhukuk.com\">iletisim@kdhukuk.com<\/a><\/span> adresime e-mail g\u00f6nderebilir veya <span style=\"color: #333399;\"><a style=\"color: #333399;\" href=\"https:\/\/www.kdhukuk.com\/iletisim\/\" target=\"_blank\" rel=\"noopener\">ileti\u015fim<\/a><\/span> sayfam\u0131z\u0131 ziyaret edebilirsiniz.<\/p>\n","protected":false},"excerpt":{"rendered":"<p>\u0130\u015f Hukuku Avukat\u0131 \u0130\u015f\u00e7i ve i\u015fveren aras\u0131ndaki hizmet ili\u015fkisi kapsam\u0131nda, \u0130stanbul ilinde hizmet veren K&amp;D Hukuk B\u00fcrosu, i\u015f hukuku avukat\u0131 kadrosu ile \u00f6zellikle i\u015f s\u00f6zle\u015fmesinin haks\u0131z feshi nedeniyle i\u015f\u00e7i ve i\u015fverenin ma\u011fduriyetinin giderilmesi amac\u0131yla t\u00fcm tazminatlar\u0131n takibi ve i\u015f kazalar\u0131 kapsam\u0131nda do\u011fan ihtilaflara y\u00f6nelik i\u015flemlere ili\u015fkin her t\u00fcrl\u00fc dan\u0131\u015fmanl\u0131k ve dava avukatl\u0131\u011f\u0131 hizmeti vermektedir. \u0130\u015f [&hellip;]<\/p>\n","protected":false},"author":1,"featured_media":0,"parent":0,"menu_order":0,"comment_status":"closed","ping_status":"closed","template":"","meta":{"footnotes":""},"class_list":["post-524","page","type-page","status-publish","hentry"],"aioseo_notices":[],"_links":{"self":[{"href":"https:\/\/www.kdhukuk.com\/wp-json\/wp\/v2\/pages\/524","targetHints":{"allow":["GET"]}}],"collection":[{"href":"https:\/\/www.kdhukuk.com\/wp-json\/wp\/v2\/pages"}],"about":[{"href":"https:\/\/www.kdhukuk.com\/wp-json\/wp\/v2\/types\/page"}],"author":[{"embeddable":true,"href":"https:\/\/www.kdhukuk.com\/wp-json\/wp\/v2\/users\/1"}],"replies":[{"embeddable":true,"href":"https:\/\/www.kdhukuk.com\/wp-json\/wp\/v2\/comments?post=524"}],"version-history":[{"count":0,"href":"https:\/\/www.kdhukuk.com\/wp-json\/wp\/v2\/pages\/524\/revisions"}],"wp:attachment":[{"href":"https:\/\/www.kdhukuk.com\/wp-json\/wp\/v2\/media?parent=524"}],"curies":[{"name":"wp","href":"https:\/\/api.w.org\/{rel}","templated":true}]}}