{"id":526,"date":"2015-11-29T17:49:32","date_gmt":"2015-11-29T15:49:32","guid":{"rendered":"https:\/\/www.kdhukuk.com\/?page_id=526"},"modified":"2021-12-22T17:14:54","modified_gmt":"2021-12-22T14:14:54","slug":"kira-hukuku-avukati","status":"publish","type":"page","link":"https:\/\/www.kdhukuk.com\/kira-hukuku-avukati\/","title":{"rendered":"Kira Hukuku Avukat\u0131"},"content":{"rendered":"<h1 style=\"text-align: justify;\">Kira Hukuku Avukat\u0131<\/h1>\n<p style=\"text-align: justify;\">Kiraya veren ve <em>kirac\u0131<\/em>lar aras\u0131ndaki ili\u015fkilere y\u00f6nelik <strong>\u0130stanbul<\/strong>&#8216;da hizmet veren K&amp;D <strong>Hukuk B\u00fcrosu<\/strong>, <em>kira hukuku avukat\u0131<\/em> olarak kira s\u00f6zle\u015fmelerinin haz\u0131rlanmas\u0131, kira alacaklar\u0131n\u0131n takibi, kira s\u00f6zle\u015fmesinin feshi, kirac\u0131n\u0131n ve kiralayan\u0131n tahliyesi, kira tespiti konular\u0131nda dan\u0131\u015fmanl\u0131k ve dava avukatl\u0131\u011f\u0131 hizmeti vermektedir.<\/p>\n<h2 style=\"text-align: justify;\">Kira S\u00f6zle\u015fmelerine \u0130li\u015fkin \u0130htilaflar<\/h2>\n<p style=\"text-align: justify;\"><em>Kira s\u00f6zle\u015fmeleri<\/em> kapsam\u0131nda \u00e7\u0131kan ihtilaflar genellikle kirac\u0131lar\u0131n kira bedellerini \u00f6dememesi, kirac\u0131n\u0131n kiralanan\u0131 <em>tahliye<\/em> etmemesi veya <em>tahliye taahh\u00fcd\u00fc<\/em> ihtilaflar\u0131 olabilmekle birlikte, kiraya verenin kiralanan yeri konut veya i\u015fyeri olarak kullanma ihtiyac\u0131 veya kira veren taraf\u0131ndan konutun yeniden in\u015fas\u0131 veya imar ihtiyac\u0131 hallerinde kira s\u00f6zle\u015fmesinin feshedilmesine ili\u015fkin ihtilaflar olarak \u00f6rneklendirilebilir. Avukatlar\u0131m\u0131z gayrimenkul <em>kira s\u00f6zle\u015fmeleri<\/em> kapsam\u0131nda ortaya \u00e7\u0131kan her t\u00fcrl\u00fc ihtilafa ili\u015fkin olarak hukuki hizmet sa\u011flamaktad\u0131r.<\/p>\n<p style=\"text-align: justify;\">1 Temmuz 2012 tarihinde y\u00fcr\u00fcrl\u00fc\u011fe giren 6098 <span style=\"color: #333399;\"><a style=\"color: #333399;\" href=\"http:\/\/www.resmigazete.gov.tr\/eskiler\/2011\/02\/20110204-1.htm\" target=\"_blank\" rel=\"noopener\">T\u00fcrk Bor\u00e7lar Kanunu<\/a><\/span> kapsam\u0131nda, 6570 Say\u0131l\u0131 Gayrimenkul Kiralar\u0131 Hakk\u0131nda Kanun Y\u00fcr\u00fcrl\u00fckten kald\u0131r\u0131lmakla birlikte, 1 Temmuz 2012 tarihinden \u00f6nceki kira s\u00f6zle\u015fmeleri fiil ve i\u015flemlerine eski kanun, bu tarihten sonraki fiil ve i\u015flemlere ise 6098 Say\u0131l\u0131 kanun uygulanacakt\u0131r. Ancak temerr\u00fct, s\u00f6zle\u015fmenin sona ermesi ve tasfiye konular\u0131na ili\u015fkin olarak ise yeni Bor\u00e7lar Kanunu uygulama alan\u0131 bulacakt\u0131r. Dolay\u0131s\u0131yla kira s\u00f6zle\u015fmelerine ili\u015fkin meselelerin \u00e7\u00f6z\u00fcm\u00fcnde, s\u00f6zle\u015fmenin 1 Temmuz 2012 tarihinden \u00f6nce haz\u0131rlan\u0131p haz\u0131rlanmamas\u0131 \u00f6nem kazanmakta olup, bu ba\u011flamda yasal yollar kullan\u0131rken bu hususun g\u00f6z \u00f6n\u00fcnde bulundurulmas\u0131 gerekmektedir.<\/p>\n<h2 style=\"text-align: justify;\"><img fetchpriority=\"high\" decoding=\"async\" class=\"alignleft size-full wp-image-1577\" src=\"https:\/\/www.kdhukuk.com\/wp-content\/uploads\/kira-hukuk-b\u00fcrosu-istanbul-e1450987248261.jpg\" alt=\"kira hukuku avukat\u0131, istanbul kira avukatlar\u0131, kira hukuk b\u00fcrosu istanbul, hukuk b\u00fcrolar\u0131\" width=\"350\" height=\"148\" \/>Kira Hukuku Uyu\u015fmazl\u0131klar\u0131na \u0130li\u015fkin Hizmetlerimiz<\/h2>\n<p style=\"text-align: justify;\">K&amp;D <em>Hukuk B\u00fcrosu, <\/em>yaln\u0131zca <em>\u0130stanbul<\/em> s\u0131n\u0131rlar\u0131 i\u00e7erisindeki <em>kira s\u00f6zle\u015fmesi<\/em> ihtilaflar\u0131na ili\u015fkin hizmet vermekte olup, <span style=\"color: #333399;\"><strong>kira hukuku avukatlar\u0131<\/strong><\/span>n\u0131n kira hukuku kapsam\u0131nda verdi\u011fi hukuki hizmetler a\u015fa\u011f\u0131da \u00f6zetlenmi\u015ftir:<\/p>\n<p style=\"text-align: justify;\">&#8211; <em>Kira tespit davas\u0131<\/em>: Taraflar aras\u0131nda kira bedelinin art\u0131\u015f\u0131 d\u00fczenlenmemi\u015fse, <em>kira bedeli<\/em>nin hakim taraf\u0131ndan belirlenmesi. E\u011fer kira s\u00f6zle\u015fmesinde kira art\u0131\u015f miktar\u0131 yazm\u0131yor ve taraflar art\u0131\u015f miktar\u0131 konusunda anla\u015fam\u0131yorsa bu durumda kiraya veren (ev veya i\u015fyeri sahibi) taraf\u0131ndan kira tespit davas\u0131 a\u00e7\u0131labilir.<\/p>\n<p style=\"text-align: justify;\"><em>&#8211; Kirac\u0131n\u0131n tahliyesi<\/em> i\u015flemleri<\/p>\n<p style=\"text-align: justify;\">&#8211; Kirac\u0131n\u0131n kira bor\u00e7lar\u0131n\u0131 \u00f6dememesi halinde kira alacaklar\u0131n\u0131n icra m\u00fcd\u00fcrl\u00fckleri ve mahkemeleri arac\u0131l\u0131\u011f\u0131yla tahsil edilmesi<\/p>\n<p style=\"text-align: justify;\">&#8211; <strong>Tahliye taahh\u00fcd\u00fc<\/strong>ne ili\u015fkin ihtilaflar\u0131n \u00e7\u00f6z\u00fclmesi<\/p>\n<p style=\"text-align: justify;\"><span style=\"color: #333399;\"><strong>\u0130stanbul<\/strong><\/span>&#8216;da bulunan kira ihtilaflar\u0131na y\u00f6nelik \u00e7al\u0131\u015fan <strong>kira hukuku avukat\u0131<\/strong> kadromuza <span style=\"color: #333399;\"><a style=\"color: #333399;\" href=\"mailto:iletisim@kdhukuk.com\">iletisim@kdhukuk.com<\/a> <\/span>e-mail adresinden veya <span style=\"color: #333399;\"><a style=\"color: #333399;\" href=\"https:\/\/www.kdhukuk.com\/iletisim\/\" target=\"_blank\" rel=\"noopener\">ileti\u015fim<\/a><\/span> sayfam\u0131zdan ula\u015fabilirsiniz.<\/p>\n<p>&nbsp;<\/p>\n","protected":false},"excerpt":{"rendered":"<p>Kira Hukuku Avukat\u0131 Kiraya veren ve kirac\u0131lar aras\u0131ndaki ili\u015fkilere y\u00f6nelik \u0130stanbul&#8216;da hizmet veren K&amp;D Hukuk B\u00fcrosu, kira hukuku avukat\u0131 olarak kira s\u00f6zle\u015fmelerinin haz\u0131rlanmas\u0131, kira alacaklar\u0131n\u0131n takibi, kira s\u00f6zle\u015fmesinin feshi, kirac\u0131n\u0131n ve kiralayan\u0131n tahliyesi, kira tespiti konular\u0131nda dan\u0131\u015fmanl\u0131k ve dava avukatl\u0131\u011f\u0131 hizmeti vermektedir. Kira S\u00f6zle\u015fmelerine \u0130li\u015fkin \u0130htilaflar Kira s\u00f6zle\u015fmeleri kapsam\u0131nda \u00e7\u0131kan ihtilaflar genellikle kirac\u0131lar\u0131n kira bedellerini [&hellip;]<\/p>\n","protected":false},"author":1,"featured_media":0,"parent":0,"menu_order":0,"comment_status":"closed","ping_status":"closed","template":"","meta":{"footnotes":""},"class_list":["post-526","page","type-page","status-publish","hentry"],"aioseo_notices":[],"_links":{"self":[{"href":"https:\/\/www.kdhukuk.com\/wp-json\/wp\/v2\/pages\/526","targetHints":{"allow":["GET"]}}],"collection":[{"href":"https:\/\/www.kdhukuk.com\/wp-json\/wp\/v2\/pages"}],"about":[{"href":"https:\/\/www.kdhukuk.com\/wp-json\/wp\/v2\/types\/page"}],"author":[{"embeddable":true,"href":"https:\/\/www.kdhukuk.com\/wp-json\/wp\/v2\/users\/1"}],"replies":[{"embeddable":true,"href":"https:\/\/www.kdhukuk.com\/wp-json\/wp\/v2\/comments?post=526"}],"version-history":[{"count":0,"href":"https:\/\/www.kdhukuk.com\/wp-json\/wp\/v2\/pages\/526\/revisions"}],"wp:attachment":[{"href":"https:\/\/www.kdhukuk.com\/wp-json\/wp\/v2\/media?parent=526"}],"curies":[{"name":"wp","href":"https:\/\/api.w.org\/{rel}","templated":true}]}}