{"id":528,"date":"2015-11-29T17:49:56","date_gmt":"2015-11-29T15:49:56","guid":{"rendered":"https:\/\/www.kdhukuk.com\/?page_id=528"},"modified":"2021-12-22T17:13:29","modified_gmt":"2021-12-22T14:13:29","slug":"miras-avukati","status":"publish","type":"page","link":"https:\/\/www.kdhukuk.com\/miras-avukati\/","title":{"rendered":"Miras Avukat\u0131"},"content":{"rendered":"<h1 style=\"text-align: justify;\">Miras Avukat\u0131<\/h1>\n<p style=\"text-align: justify;\"><strong>\u0130stanbul <\/strong>ilinde <strong>miras avukat\u0131<\/strong> olarak faaliyet g\u00f6steren K&amp;D <em>Hukuk B\u00fcrosu<\/em>, vasiyetname d\u00fczenlenmesi, miras\u00e7\u0131lar\u0131n ve hisselerinin belirlenmesine y\u00f6nelik miras\u00e7\u0131l\u0131k belgesi (veraset ilam\u0131) al\u0131nmas\u0131, miras\u0131n payla\u015ft\u0131r\u0131lmas\u0131 ba\u015fta olmak \u00fczere <em>miras hukuku<\/em> alan\u0131ndaki t\u00fcm ihtilaflara ili\u015fkin dan\u0131\u015fmanl\u0131k ve dava avukatl\u0131\u011f\u0131 hizmeti vermektedir.<\/p>\n<h2 style=\"text-align: justify;\">Miras Hukuku Kapsam\u0131ndaki \u0130htilaflara \u0130li\u015fkin \u00c7\u00f6z\u00fcmlerimiz<\/h2>\n<p style=\"text-align: justify;\"><strong>Miras hukuku<\/strong>, <span style=\"color: #333399;\"><a style=\"color: #333399;\" href=\"http:\/\/www.mevzuat.gov.tr\/Metin1.Aspx?MevzuatKod=1.5.4721&amp;sourceXmlSearch=&amp;MevzuatIliski=0&amp;Tertip=5&amp;Tur=1&amp;No=4721\" target=\"_blank\" rel=\"noopener\">Medeni Kanun<\/a><\/span>&#8216;da d\u00fczenlenmi\u015f olup, ki\u015filerin \u00f6l\u00fcmleri veya haklar\u0131nda gaiplik karar\u0131 \u00e7\u0131kmas\u0131 halinde, mirasa konu malvarl\u0131\u011f\u0131n\u0131n gerek yasal miras\u00e7\u0131lar gerekse di\u011fer miras\u00e7\u0131lar aras\u0131na ne \u015fekilde payla\u015ft\u0131r\u0131laca\u011f\u0131n\u0131 ifade etmektedir. Bu ba\u011flamda miras\u00e7\u0131lar yasal ve atanm\u0131\u015f miras\u00e7\u0131lar olmak \u00fczere ikiye ayr\u0131l\u0131r. Yasal miras\u00e7\u0131lar, miras b\u0131rakan\u0131n kan h\u0131s\u0131mlar\u0131 dolay\u0131s\u0131yla alt soyu yani \u00e7ocuklar\u0131 ve torunlar\u0131, anne ve babas\u0131,b\u00fcy\u00fck anne ve b\u00fcy\u00fck babas\u0131, evlilik d\u0131\u015f\u0131 h\u0131s\u0131mlar\u0131, sa\u011f kalan e\u015fi, evlatl\u0131k ve nihayetinde miras b\u0131rakmaks\u0131z\u0131n \u00f6lmesi halinde de devlettir. Atanm\u0131\u015f miras\u00e7\u0131 ise mirasb\u0131rakan\u0131n yasal olarak miras\u00e7\u0131s\u0131 olmamakla birlikte, kendi tasarrufu ile miras b\u0131rakt\u0131\u011f\u0131 ki\u015filerdir. Bu ba\u011flamda, miras payla\u015f\u0131m\u0131 yap\u0131l\u0131rken geriye d\u00f6n\u00fclmesi m\u00fcmk\u00fcn olmayan neticelerle kar\u015f\u0131la\u015fmamak ve ma\u011fduriyet ya\u015famamak i\u00e7in, mutlaka bir <span style=\"color: #333399;\"><strong>miras avukat\u0131<\/strong><\/span>na ba\u015fvurunuz.<\/p>\n<p style=\"text-align: justify;\">Miras\u0131n payla\u015ft\u0131r\u0131lmas\u0131, mirasb\u0131rakan\u0131n \u00f6l\u00fcmden \u00f6nce vasiyetname veya miras s\u00f6zle\u015fmesi d\u00fczenlemesi halinde, mirasb\u0131rakan\u0131n yasal miras\u00e7\u0131lar\u0131n\u0131n sakl\u0131 paylar\u0131 baki kalmak \u00fczere, vasiyetnamede yaz\u0131ld\u0131\u011f\u0131 \u015fekilde yap\u0131l\u0131r. Mirasb\u0131rakan\u0131n herhangi bir \u00f6l\u00fcme ba\u011fl\u0131 tasarruf yapmam\u0131\u015f olmas\u0131 halinde ise, Medeni Kanun&#8217;da d\u00fczenlendi\u011fi \u00fczere yasal miras\u00e7\u0131lar aras\u0131nda miras payla\u015ft\u0131r\u0131l\u0131r.<\/p>\n<p style=\"text-align: justify;\">Bu kapsamda avukatlar\u0131m\u0131z \u00f6ncelikle mirasb\u0131rakan\u0131n \u00f6l\u00fcme ba\u011fl\u0131 tasarruf i\u015flemlerinin ger\u00e7ekle\u015ftirilmesi, miras kalan malvarl\u0131klar\u0131n\u0131n belirlenmesi ve miras\u00e7\u0131lar aras\u0131ndaki m\u00fc\u015fterek m\u00fclkiyete tabi mallar\u0131n ortakl\u0131\u011f\u0131n\u0131n giderilmesi (izale-i \u015f\u00fcyu), reddi miras i\u015flemleri ve mirasb\u0131rakan\u0131n \u00f6l\u00fcmden \u00f6nce sakl\u0131 paylara zarar verecek \u015fekilde yapt\u0131\u011f\u0131 tasarruflar\u0131n iptali de dahil olmak \u00fczere her t\u00fcrl\u00fc konuya ili\u015fkin hukuki hizmet vermektedir.<\/p>\n<h2 style=\"text-align: justify;\"><img fetchpriority=\"high\" decoding=\"async\" class=\"alignleft size-medium wp-image-1572\" src=\"https:\/\/www.kdhukuk.com\/wp-content\/uploads\/miras-hukuk-b\u00fcrosu-istanbul-300x198.jpg\" alt=\"miras avukat\u0131, istanbul miras avukatlar\u0131, istanbul hukuk b\u00fcrosu avukat, hukuk b\u00fcrolar\u0131\" width=\"300\" height=\"198\" srcset=\"https:\/\/www.kdhukuk.com\/wp-content\/uploads\/miras-hukuk-b\u00fcrosu-istanbul-300x198.jpg 300w, https:\/\/www.kdhukuk.com\/wp-content\/uploads\/miras-hukuk-b\u00fcrosu-istanbul.jpg 400w\" sizes=\"(max-width: 300px) 100vw, 300px\" \/>Miras Avukat\u0131 Olarak Verdi\u011fimiz Hukuksal Hizmetler<\/h2>\n<p style=\"text-align: justify;\">K&amp;D <em>Hukuk B\u00fcrosu<\/em> yaln\u0131zca <span style=\"color: #333399;\"><strong>\u0130stanbul<\/strong><\/span> s\u0131n\u0131rlar\u0131 i\u00e7erisindeki miras konular\u0131na hukuki hizmet vermekte olup, <em>miras avukat\u0131<\/em> ekibimizin verdi\u011fi hukuki hizmetler a\u015fa\u011f\u0131da \u00f6zetlenmi\u015ftir:<\/p>\n<p style=\"text-align: justify;\">&#8211; <em>Vasiyetname<\/em> ve <em>miras s\u00f6zle\u015fmesi<\/em> d\u00fczenlenmesi, veya vasiyetname veya miras s\u00f6zle\u015fmesinin iptali i\u015flemleri<\/p>\n<p style=\"text-align: justify;\">&#8211; <em>Miras\u00e7\u0131l\u0131k belgesi<\/em> (<em>veraset ilam\u0131<\/em>) al\u0131nmas\u0131<\/p>\n<p style=\"text-align: justify;\">&#8211; Miras kalan malvarl\u0131klar\u0131n\u0131n belirlenmesi (Terekenin Tespiti) ve miras\u0131n miras\u00e7\u0131lar aras\u0131nda payla\u015ft\u0131r\u0131lmas\u0131 amac\u0131yla ortakl\u0131\u011f\u0131n giderilmesi (<em>izale-i \u015f\u00fcyu<\/em>)<\/p>\n<p style=\"text-align: justify;\">&#8211; Murisin malvarl\u0131\u011f\u0131n\u0131 haks\u0131z olarak miras\u00e7\u0131 olmayanlara devretmi\u015f olmas\u0131 halinde tasarrufun iptali davas\u0131 a\u00e7\u0131lmas\u0131<\/p>\n<p style=\"text-align: justify;\">&#8211; Murisin miras\u00e7\u0131lara bor\u00e7 b\u0131rakmas\u0131 halinde miras\u0131n reddi i\u015flemlerinin yap\u0131lmas\u0131<\/p>\n<p style=\"text-align: justify;\">&#8211; Mirasb\u0131rakan&#8217;\u0131n \u00f6l\u00fcme ba\u011fl\u0131 bir tasarrufla sakl\u0131 payl\u0131 miras\u00e7\u0131lar\u0131n\u0131 miras\u00e7\u0131l\u0131ktan \u00e7\u0131karmas\u0131 i\u015flemleri<\/p>\n<p style=\"text-align: justify;\">&#8211; <em>\u00d6l\u00fcme ba\u011fl\u0131 tasarruflar\u0131n iptali<\/em> ve tenkisi davalar\u0131n\u0131n a\u00e7\u0131lmas\u0131<\/p>\n<p style=\"text-align: justify;\"><em>\u0130stanbul<\/em> Gayrettepe&#8217;de bulunan K&amp;D <span style=\"color: #333399;\">Hukuk B\u00fcrosu<\/span> miras avukatlar\u0131na <span style=\"color: #333399;\"><a style=\"color: #333399;\" href=\"mailto:iletisim@kdhukuk.com\">iletisim@kdhukuk.com<\/a><\/span> e-mail adresinden veya <span style=\"color: #333399;\"><a style=\"color: #333399;\" href=\"https:\/\/www.kdhukuk.com\/iletisim\/\" target=\"_blank\" rel=\"noopener\">ileti\u015fim<\/a><\/span> sayfam\u0131z\u0131 kullanarak ula\u015fabilirsiniz.<\/p>\n<p style=\"text-align: justify;\">\n","protected":false},"excerpt":{"rendered":"<p>Miras Avukat\u0131 \u0130stanbul ilinde miras avukat\u0131 olarak faaliyet g\u00f6steren K&amp;D Hukuk B\u00fcrosu, vasiyetname d\u00fczenlenmesi, miras\u00e7\u0131lar\u0131n ve hisselerinin belirlenmesine y\u00f6nelik miras\u00e7\u0131l\u0131k belgesi (veraset ilam\u0131) al\u0131nmas\u0131, miras\u0131n payla\u015ft\u0131r\u0131lmas\u0131 ba\u015fta olmak \u00fczere miras hukuku alan\u0131ndaki t\u00fcm ihtilaflara ili\u015fkin dan\u0131\u015fmanl\u0131k ve dava avukatl\u0131\u011f\u0131 hizmeti vermektedir. Miras Hukuku Kapsam\u0131ndaki \u0130htilaflara \u0130li\u015fkin \u00c7\u00f6z\u00fcmlerimiz Miras hukuku, Medeni Kanun&#8216;da d\u00fczenlenmi\u015f olup, ki\u015filerin \u00f6l\u00fcmleri [&hellip;]<\/p>\n","protected":false},"author":1,"featured_media":0,"parent":0,"menu_order":0,"comment_status":"closed","ping_status":"closed","template":"","meta":{"footnotes":""},"class_list":["post-528","page","type-page","status-publish","hentry"],"aioseo_notices":[],"_links":{"self":[{"href":"https:\/\/www.kdhukuk.com\/wp-json\/wp\/v2\/pages\/528","targetHints":{"allow":["GET"]}}],"collection":[{"href":"https:\/\/www.kdhukuk.com\/wp-json\/wp\/v2\/pages"}],"about":[{"href":"https:\/\/www.kdhukuk.com\/wp-json\/wp\/v2\/types\/page"}],"author":[{"embeddable":true,"href":"https:\/\/www.kdhukuk.com\/wp-json\/wp\/v2\/users\/1"}],"replies":[{"embeddable":true,"href":"https:\/\/www.kdhukuk.com\/wp-json\/wp\/v2\/comments?post=528"}],"version-history":[{"count":0,"href":"https:\/\/www.kdhukuk.com\/wp-json\/wp\/v2\/pages\/528\/revisions"}],"wp:attachment":[{"href":"https:\/\/www.kdhukuk.com\/wp-json\/wp\/v2\/media?parent=528"}],"curies":[{"name":"wp","href":"https:\/\/api.w.org\/{rel}","templated":true}]}}