{"id":530,"date":"2015-11-29T17:50:15","date_gmt":"2015-11-29T15:50:15","guid":{"rendered":"https:\/\/www.kdhukuk.com\/?page_id=530"},"modified":"2021-12-22T17:13:05","modified_gmt":"2021-12-22T14:13:05","slug":"rekabet-hukuku-avukati","status":"publish","type":"page","link":"https:\/\/www.kdhukuk.com\/rekabet-hukuku-avukati\/","title":{"rendered":"Rekabet Hukuku Avukat\u0131"},"content":{"rendered":"<h1 style=\"text-align: justify;\">Rekabet Hukuku Avukat\u0131<\/h1>\n<p style=\"text-align: justify;\"><strong>\u0130stanbul<\/strong> Gayrettepe&#8217;de faaliyet g\u00f6steren K&amp;D <strong>Hukuk B\u00fcrosu<\/strong>, rekabet kurallar\u0131na hakim <strong>rekabet hukuku avukat\u0131<\/strong> olarak uzmanla\u015fm\u0131\u015f ekibi ile, \u015firketlerin faaliyetlerini y\u00fcr\u00fct\u00fcrken rekabet kurallar\u0131na uygunlu\u011funu denetlemek, Rekabet Kurulu kararlar\u0131na kar\u015f\u0131 itiraz i\u015flemlerinin y\u00fcr\u00fct\u00fclmesi, <em>antitr\u00f6st<\/em> ve <em>antidamping<\/em> konular\u0131 ba\u015fta olmak \u00fczere t\u00fcm konularda dan\u0131\u015fmanl\u0131k ve dava avukatl\u0131\u011f\u0131 hizmeti vermektedir.<\/p>\n<h2 style=\"text-align: justify;\">Rekabet Hukuku Kapsam\u0131nda Hukuksal \u00c7\u00f6z\u00fcmlerimiz<\/h2>\n<p style=\"text-align: justify;\">Rekabet hukukunun amac\u0131, mal ve hizmet piyasalar\u0131ndaki rekabeti engelleyici, bozucu veya k\u0131s\u0131tlay\u0131c\u0131 anla\u015fma, karar ver uygulamalar\u0131 ve piyasaya hakim olan te\u015febb\u00fcslerin bu hakimiyetlerini k\u00f6t\u00fcye kullanmalar\u0131n\u0131 \u00f6nlemek, bunun i\u00e7in gerekli d\u00fczenleme ve denetlemeleri yaparak rekabetin korunmas\u0131n\u0131 sa\u011flamakt\u0131r.<\/p>\n<p style=\"text-align: justify;\">Rekabet kurallar\u0131 kapsam\u0131nda yasaklanan faaliyetler, rekabeti s\u0131n\u0131rlay\u0131c\u0131 anla\u015fma, uyumlu eylem ve kararlar, hakim durumun k\u00f6t\u00fcye kullan\u0131lmas\u0131 veya hakim durum yaratmaya y\u00f6nelik birle\u015fme veya devralmalar olarak say\u0131lm\u0131\u015ft\u0131r.<\/p>\n<p style=\"text-align: justify;\">Bu kapsamda, rekabeti s\u0131n\u0131rlay\u0131c\u0131 anla\u015fma uyumlu eylem ve kararlar ise mal veya hizmet al\u0131m sat\u0131m fiyat\u0131n\u0131n veya \u015fartlar\u0131n\u0131n tespit edilmesi, mal veya hizmetin arz veya talep miktar\u0131n\u0131n kontrol\u00fc, mal veya hizmet piyasalar\u0131n\u0131n b\u00f6l\u00fc\u015f\u00fclmesi, bir mal veya hizmet ile birlikte di\u011fer mal veya hizmetin sat\u0131n al\u0131nmas\u0131n\u0131n zorunlu k\u0131l\u0131nmas\u0131 vs. \u015feklinde s\u0131ralanabilir.<\/p>\n<p style=\"text-align: justify;\">Rekabet hukuku ile haks\u0131z rekabet s\u0131kl\u0131kla kar\u0131\u015ft\u0131r\u0131lmakla birlikte, haks\u0131z rekabet aldat\u0131c\u0131 hareket veya d\u00fcr\u00fcstl\u00fck kurallar\u0131na ayk\u0131r\u0131 ba\u015fkaca suretle ekonomik rekabetin her t\u00fcrl\u00fc k\u00f6t\u00fcye suiistimali olarak tan\u0131mlanabilir. Bu ba\u011flamda rekabeti s\u0131n\u0131rlay\u0131c\u0131 anla\u015fma ve davran\u0131\u015flar s\u00f6z konusu olmas\u0131 halinde rekabet hukuku kurallar\u0131, rekabetin k\u00f6t\u00fc niyetle ve aldat\u0131c\u0131 hareketlerle bozulmas\u0131 halinde ise haks\u0131z rekabet h\u00fck\u00fcmleri uygulanacakt\u0131r.<\/p>\n<p style=\"text-align: justify;\">Avukatlar\u0131m\u0131z, <span style=\"color: #333399;\"><a style=\"color: #333399;\" href=\"http:\/\/www.rekabet.gov.tr\/tr-TR\/Sayfalar\/4054-Sayili-Kanun\" target=\"_blank\" rel=\"noopener\">Rekabetin Korunmas\u0131 Hakk\u0131nda Kanun<\/a><\/span> ve di\u011fer kanunlar ba\u015fta olmak \u00fczere, ortaya \u00e7\u0131kan ihlaller kar\u015f\u0131s\u0131nda tazminat ve zarar\u0131n giderilmesi, Rekabet Kurulu taraf\u0131ndan verilen idari para cezalar\u0131na itiraz edilmesi i\u015flemlerini y\u00fcr\u00fctmektedir.<\/p>\n<h2 style=\"text-align: justify;\"><img fetchpriority=\"high\" decoding=\"async\" class=\"alignleft size-medium wp-image-1564\" src=\"https:\/\/www.kdhukuk.com\/wp-content\/uploads\/rekabet-hukuku-istanbul-avukatlar\u0131-300x177.jpg\" alt=\"rekabet hukuku avukat\u0131, rekabet hukuk b\u00fcrosu istanbul, rekabet hukuk b\u00fcrolar\u0131 istanbul\" width=\"300\" height=\"177\" srcset=\"https:\/\/www.kdhukuk.com\/wp-content\/uploads\/rekabet-hukuku-istanbul-avukatlar\u0131-300x177.jpg 300w, https:\/\/www.kdhukuk.com\/wp-content\/uploads\/rekabet-hukuku-istanbul-avukatlar\u0131-1024x603.jpg 1024w, https:\/\/www.kdhukuk.com\/wp-content\/uploads\/rekabet-hukuku-istanbul-avukatlar\u0131.jpg 1399w\" sizes=\"(max-width: 300px) 100vw, 300px\" \/>Rekabet Kurallar\u0131na \u0130li\u015fkin Olarak Verdi\u011fimiz Hizmetler<\/h2>\n<p style=\"text-align: justify;\">K&amp;D <em>Hukuk B\u00fcrosu<\/em> yaln\u0131zca <span style=\"color: #333399;\"><strong>\u0130stanbul<\/strong><\/span> s\u0131n\u0131rlar\u0131 i\u00e7inde bulunan rekabet hukuku davalar\u0131na y\u00f6nelik hizmet vermekte olup, <span style=\"color: #333399;\"><strong>rekabet hukuku avukat\u0131<\/strong><\/span> kadromuzun vermi\u015f oldu\u011fu hizmetler a\u015fa\u011f\u0131da \u00f6zetlenmi\u015ftir:<\/p>\n<p style=\"text-align: justify;\">&#8211; \u015eirketlerin i\u015flem ve eylemlerinin rekabet kurallar\u0131na uygunlu\u011funun de\u011ferlendirilmesi<\/p>\n<p style=\"text-align: justify;\">&#8211; \u015eirket birle\u015fme ve devralmalar\u0131n\u0131n uygunlu\u011funun tesis edilmesi<\/p>\n<p style=\"text-align: justify;\">&#8211; Rekabet ihlalleri kar\u015f\u0131s\u0131nda \u015firketlerin tazminat talepleri ve zarar\u0131n giderilmesi taleplerinin yerine getirilmesi<\/p>\n<p style=\"text-align: justify;\">&#8211; <span style=\"color: #333399;\"><a style=\"color: #333399;\" href=\"http:\/\/www.rekabet.gov.ct.tr\/tr-tr\/anasayfa.aspx\" target=\"_blank\" rel=\"noopener\">Rekabet Kurulu<\/a><\/span> kararlar\u0131na kar\u015f\u0131 itiraz i\u015flemlerinin y\u00fcr\u00fct\u00fclmesi<\/p>\n<p style=\"text-align: justify;\">&#8211; Grup \u015firketleri aras\u0131ndaki yatay veya dikey i\u015flemlerin de\u011ferlendirilmesi<\/p>\n<p style=\"text-align: justify;\">&#8211; Rekabet Kurulu taraf\u0131ndan verilen idari para cezalar\u0131na itiraz edilmesi<\/p>\n<p style=\"text-align: justify;\">&#8211; Muafiyet ve menfi tespit kararlar\u0131n\u0131n geri al\u0131nmas\u0131<\/p>\n<p style=\"text-align: justify;\">Alan\u0131nda uzmanla\u015fm\u0131\u015f, <em>\u0130stanbul<\/em> Barosu&#8217;na kay\u0131tl\u0131 <em>rekabet hukuku avukat\u0131<\/em> kadromuza ve K&amp;D <em>Hukuk B\u00fcrosu<\/em>&#8216;na ula\u015fmak i\u00e7in, <span style=\"color: #333399;\"><a style=\"color: #333399;\" href=\"mailto:iletisim@kdhukuk.com\">iletisim@kdhukuk.com<\/a><\/span> e-mail adresine mail g\u00f6nderebilir veya <span style=\"color: #333399;\"><a style=\"color: #333399;\" href=\"https:\/\/www.kdhukuk.com\/iletisim\/\" target=\"_blank\" rel=\"noopener\">ileti\u015fim<\/a><\/span> sayfam\u0131z\u0131 ziyaret edebilirsiniz.<\/p>\n<p style=\"text-align: justify;\">\n","protected":false},"excerpt":{"rendered":"<p>Rekabet Hukuku Avukat\u0131 \u0130stanbul Gayrettepe&#8217;de faaliyet g\u00f6steren K&amp;D Hukuk B\u00fcrosu, rekabet kurallar\u0131na hakim rekabet hukuku avukat\u0131 olarak uzmanla\u015fm\u0131\u015f ekibi ile, \u015firketlerin faaliyetlerini y\u00fcr\u00fct\u00fcrken rekabet kurallar\u0131na uygunlu\u011funu denetlemek, Rekabet Kurulu kararlar\u0131na kar\u015f\u0131 itiraz i\u015flemlerinin y\u00fcr\u00fct\u00fclmesi, antitr\u00f6st ve antidamping konular\u0131 ba\u015fta olmak \u00fczere t\u00fcm konularda dan\u0131\u015fmanl\u0131k ve dava avukatl\u0131\u011f\u0131 hizmeti vermektedir. Rekabet Hukuku Kapsam\u0131nda Hukuksal \u00c7\u00f6z\u00fcmlerimiz Rekabet [&hellip;]<\/p>\n","protected":false},"author":1,"featured_media":0,"parent":0,"menu_order":0,"comment_status":"closed","ping_status":"closed","template":"","meta":{"footnotes":""},"class_list":["post-530","page","type-page","status-publish","hentry"],"aioseo_notices":[],"_links":{"self":[{"href":"https:\/\/www.kdhukuk.com\/wp-json\/wp\/v2\/pages\/530","targetHints":{"allow":["GET"]}}],"collection":[{"href":"https:\/\/www.kdhukuk.com\/wp-json\/wp\/v2\/pages"}],"about":[{"href":"https:\/\/www.kdhukuk.com\/wp-json\/wp\/v2\/types\/page"}],"author":[{"embeddable":true,"href":"https:\/\/www.kdhukuk.com\/wp-json\/wp\/v2\/users\/1"}],"replies":[{"embeddable":true,"href":"https:\/\/www.kdhukuk.com\/wp-json\/wp\/v2\/comments?post=530"}],"version-history":[{"count":0,"href":"https:\/\/www.kdhukuk.com\/wp-json\/wp\/v2\/pages\/530\/revisions"}],"wp:attachment":[{"href":"https:\/\/www.kdhukuk.com\/wp-json\/wp\/v2\/media?parent=530"}],"curies":[{"name":"wp","href":"https:\/\/api.w.org\/{rel}","templated":true}]}}